{"id":6517,"date":"2025-01-05T19:34:04","date_gmt":"2025-01-05T19:34:04","guid":{"rendered":"https:\/\/hamraenterprises.com\/?page_id=6517"},"modified":"2025-01-16T00:09:30","modified_gmt":"2025-01-16T00:09:30","slug":"studentresources","status":"publish","type":"page","link":"https:\/\/hamraenterprises.com\/pt\/studentresources\/","title":{"rendered":"Recursos para estudantes"},"content":{"rendered":"<div data-elementor-type=\"wp-page\" data-elementor-id=\"6517\" class=\"elementor elementor-6517\" data-elementor-post-type=\"page\">\n\t\t\t\t\t\t<section class=\"elementor-section elementor-top-section elementor-element elementor-element-cc50df7 elementor-section-boxed elementor-section-height-default elementor-section-height-default\" data-id=\"cc50df7\" data-element_type=\"section\" data-e-type=\"section\">\n\t\t\t\t\t\t<div class=\"elementor-container elementor-column-gap-default\">\n\t\t\t\t\t<div class=\"elementor-column elementor-col-100 elementor-top-column elementor-element elementor-element-b017344\" data-id=\"b017344\" data-element_type=\"column\" data-e-type=\"column\">\n\t\t\t<div class=\"elementor-widget-wrap elementor-element-populated\">\n\t\t\t\t\t\t<div class=\"elementor-element elementor-element-ae12e7d elementor-nav-menu__align-center elementor-nav-menu--dropdown-tablet elementor-nav-menu__text-align-aside elementor-nav-menu--toggle elementor-nav-menu--burger elementor-widget elementor-widget-nav-menu\" data-id=\"ae12e7d\" data-element_type=\"widget\" data-e-type=\"widget\" data-settings=\"{&quot;layout&quot;:&quot;horizontal&quot;,&quot;submenu_icon&quot;:{&quot;value&quot;:&quot;&lt;i class=\\&quot;fas fa-caret-down\\&quot; aria-hidden=\\&quot;true\\&quot;&gt;&lt;\\\/i&gt;&quot;,&quot;library&quot;:&quot;fa-solid&quot;},&quot;toggle&quot;:&quot;burger&quot;}\" data-widget_type=\"nav-menu.default\">\n\t\t\t\t<div class=\"elementor-widget-container\">\n\t\t\t\t\t\t\t\t<nav aria-label=\"Menu\" class=\"elementor-nav-menu--main elementor-nav-menu__container elementor-nav-menu--layout-horizontal e--pointer-underline e--animation-fade\">\n\t\t\t\t<ul id=\"menu-1-ae12e7d\" class=\"elementor-nav-menu\"><li class=\"menu-item menu-item-type-post_type menu-item-object-page menu-item-6564\"><a href=\"https:\/\/hamraenterprises.com\/pt\/joinus\/\" class=\"elementor-item\">Junte-se a n\u00f3s<\/a><\/li>\n<li class=\"menu-item menu-item-type-post_type menu-item-object-page menu-item-6670\"><a href=\"https:\/\/hamraenterprises.com\/pt\/401k\/\" class=\"elementor-item\">401K<\/a><\/li>\n<li class=\"menu-item menu-item-type-post_type menu-item-object-page menu-item-6565\"><a href=\"https:\/\/hamraenterprises.com\/pt\/careerdevelopment\/\" class=\"elementor-item\">Desenvolvimento de carreira<\/a><\/li>\n<li class=\"menu-item menu-item-type-post_type menu-item-object-page menu-item-6650\"><a href=\"https:\/\/hamraenterprises.com\/pt\/manager-bonus-program\/\" class=\"elementor-item\">Programas de b\u00f4nus para gerentes<\/a><\/li>\n<li class=\"menu-item menu-item-type-post_type menu-item-object-page menu-item-6713\"><a href=\"https:\/\/hamraenterprises.com\/pt\/meal-discounts\/\" class=\"elementor-item\">Descontos em refei\u00e7\u00f5es<\/a><\/li>\n<li class=\"menu-item menu-item-type-post_type menu-item-object-page menu-item-6560\"><a href=\"https:\/\/hamraenterprises.com\/pt\/medical-benefits\/\" class=\"elementor-item\">Benef\u00edcios m\u00e9dicos<\/a><\/li>\n<li class=\"menu-item menu-item-type-post_type menu-item-object-page menu-item-6563\"><a href=\"https:\/\/hamraenterprises.com\/pt\/paychecksanddailypay\/\" class=\"elementor-item\">Cheques de pagamento e DailyPay<\/a><\/li>\n<li class=\"menu-item menu-item-type-post_type menu-item-object-page menu-item-6761\"><a href=\"https:\/\/hamraenterprises.com\/pt\/referral-program\/\" class=\"elementor-item\">Programa de indica\u00e7\u00e3o<\/a><\/li>\n<li class=\"menu-item menu-item-type-post_type menu-item-object-page menu-item-6562\"><a href=\"https:\/\/hamraenterprises.com\/pt\/studentresources\/\" class=\"elementor-item\">Recursos para estudantes<\/a><\/li>\n<li class=\"menu-item menu-item-type-post_type menu-item-object-page menu-item-6561\"><a href=\"https:\/\/hamraenterprises.com\/pt\/vacation-sick-time\/\" class=\"elementor-item\">F\u00e9rias e licen\u00e7a m\u00e9dica<\/a><\/li>\n<\/ul>\t\t\t<\/nav>\n\t\t\t\t\t<div class=\"elementor-menu-toggle\" role=\"button\" tabindex=\"0\" aria-label=\"Menu Toggle\" aria-expanded=\"false\">\n\t\t\t<i aria-hidden=\"true\" role=\"presentation\" class=\"elementor-menu-toggle__icon--open eicon-menu-bar\"><\/i><i aria-hidden=\"true\" role=\"presentation\" class=\"elementor-menu-toggle__icon--close eicon-close\"><\/i>\t\t<\/div>\n\t\t\t\t\t<nav class=\"elementor-nav-menu--dropdown elementor-nav-menu__container\" aria-hidden=\"true\">\n\t\t\t\t<ul id=\"menu-2-ae12e7d\" class=\"elementor-nav-menu\"><li class=\"menu-item menu-item-type-post_type menu-item-object-page menu-item-6564\"><a href=\"https:\/\/hamraenterprises.com\/pt\/joinus\/\" class=\"elementor-item\" tabindex=\"-1\">Junte-se a n\u00f3s<\/a><\/li>\n<li class=\"menu-item menu-item-type-post_type menu-item-object-page menu-item-6670\"><a href=\"https:\/\/hamraenterprises.com\/pt\/401k\/\" class=\"elementor-item\" tabindex=\"-1\">401K<\/a><\/li>\n<li class=\"menu-item menu-item-type-post_type menu-item-object-page menu-item-6565\"><a href=\"https:\/\/hamraenterprises.com\/pt\/careerdevelopment\/\" class=\"elementor-item\" tabindex=\"-1\">Desenvolvimento de carreira<\/a><\/li>\n<li class=\"menu-item menu-item-type-post_type menu-item-object-page menu-item-6650\"><a href=\"https:\/\/hamraenterprises.com\/pt\/manager-bonus-program\/\" class=\"elementor-item\" tabindex=\"-1\">Programas de b\u00f4nus para gerentes<\/a><\/li>\n<li class=\"menu-item menu-item-type-post_type menu-item-object-page menu-item-6713\"><a href=\"https:\/\/hamraenterprises.com\/pt\/meal-discounts\/\" class=\"elementor-item\" tabindex=\"-1\">Descontos em refei\u00e7\u00f5es<\/a><\/li>\n<li class=\"menu-item menu-item-type-post_type menu-item-object-page menu-item-6560\"><a href=\"https:\/\/hamraenterprises.com\/pt\/medical-benefits\/\" class=\"elementor-item\" tabindex=\"-1\">Benef\u00edcios m\u00e9dicos<\/a><\/li>\n<li class=\"menu-item menu-item-type-post_type menu-item-object-page menu-item-6563\"><a href=\"https:\/\/hamraenterprises.com\/pt\/paychecksanddailypay\/\" class=\"elementor-item\" tabindex=\"-1\">Cheques de pagamento e DailyPay<\/a><\/li>\n<li class=\"menu-item menu-item-type-post_type menu-item-object-page menu-item-6761\"><a href=\"https:\/\/hamraenterprises.com\/pt\/referral-program\/\" class=\"elementor-item\" tabindex=\"-1\">Programa de indica\u00e7\u00e3o<\/a><\/li>\n<li class=\"menu-item menu-item-type-post_type menu-item-object-page menu-item-6562\"><a href=\"https:\/\/hamraenterprises.com\/pt\/studentresources\/\" class=\"elementor-item\" tabindex=\"-1\">Recursos para estudantes<\/a><\/li>\n<li class=\"menu-item menu-item-type-post_type menu-item-object-page menu-item-6561\"><a href=\"https:\/\/hamraenterprises.com\/pt\/vacation-sick-time\/\" class=\"elementor-item\" tabindex=\"-1\">F\u00e9rias e licen\u00e7a m\u00e9dica<\/a><\/li>\n<\/ul>\t\t\t<\/nav>\n\t\t\t\t\t\t<\/div>\n\t\t\t\t<\/div>\n\t\t\t\t\t<\/div>\n\t\t<\/div>\n\t\t\t\t\t<\/div>\n\t\t<\/section>\n\t\t\t\t<section class=\"elementor-section elementor-top-section elementor-element elementor-element-c208821 elementor-section-boxed elementor-section-height-default elementor-section-height-default\" data-id=\"c208821\" data-element_type=\"section\" data-e-type=\"section\">\n\t\t\t\t\t\t<div class=\"elementor-container elementor-column-gap-default\">\n\t\t\t\t\t<div class=\"elementor-column elementor-col-100 elementor-top-column elementor-element elementor-element-b454286\" data-id=\"b454286\" data-element_type=\"column\" data-e-type=\"column\">\n\t\t\t<div class=\"elementor-widget-wrap elementor-element-populated\">\n\t\t\t\t\t\t<div class=\"elementor-element elementor-element-6514a9d elementor-widget-divider--view-line elementor-widget elementor-widget-divider\" data-id=\"6514a9d\" data-element_type=\"widget\" data-e-type=\"widget\" data-widget_type=\"divider.default\">\n\t\t\t\t<div class=\"elementor-widget-container\">\n\t\t\t\t\t\t\t<div class=\"elementor-divider\">\n\t\t\t<span class=\"elementor-divider-separator\">\n\t\t\t\t\t\t<\/span>\n\t\t<\/div>\n\t\t\t\t\t\t<\/div>\n\t\t\t\t<\/div>\n\t\t\t\t\t<\/div>\n\t\t<\/div>\n\t\t\t\t\t<\/div>\n\t\t<\/section>\n\t\t\t\t<section class=\"elementor-section elementor-top-section elementor-element elementor-element-265b88f elementor-section-boxed elementor-section-height-default elementor-section-height-default\" data-id=\"265b88f\" data-element_type=\"section\" data-e-type=\"section\">\n\t\t\t\t\t\t<div class=\"elementor-container elementor-column-gap-default\">\n\t\t\t\t\t<div class=\"elementor-column elementor-col-100 elementor-top-column elementor-element elementor-element-605b69d\" data-id=\"605b69d\" data-element_type=\"column\" data-e-type=\"column\">\n\t\t\t<div class=\"elementor-widget-wrap elementor-element-populated\">\n\t\t\t\t\t\t<div class=\"elementor-element elementor-element-209f00f elementor-widget elementor-widget-image\" data-id=\"209f00f\" data-element_type=\"widget\" data-e-type=\"widget\" data-widget_type=\"image.default\">\n\t\t\t\t<div class=\"elementor-widget-container\">\n\t\t\t\t\t\t\t\t\t\t\t\t\t\t\t<img fetchpriority=\"high\" decoding=\"async\" width=\"768\" height=\"994\" src=\"https:\/\/i0.wp.com\/hamraenterprises.com\/wp-content\/uploads\/2025\/01\/STUDENT-RESOURCES-7.11.2024-V3.png?fit=768%2C994&amp;ssl=1\" class=\"attachment-medium_large size-medium_large wp-image-6518\" alt=\"\" srcset=\"https:\/\/i0.wp.com\/hamraenterprises.com\/wp-content\/uploads\/2025\/01\/STUDENT-RESOURCES-7.11.2024-V3.png?w=2550&amp;ssl=1 2550w, https:\/\/i0.wp.com\/hamraenterprises.com\/wp-content\/uploads\/2025\/01\/STUDENT-RESOURCES-7.11.2024-V3.png?resize=386%2C500&amp;ssl=1 386w, https:\/\/i0.wp.com\/hamraenterprises.com\/wp-content\/uploads\/2025\/01\/STUDENT-RESOURCES-7.11.2024-V3.png?resize=927%2C1200&amp;ssl=1 927w, https:\/\/i0.wp.com\/hamraenterprises.com\/wp-content\/uploads\/2025\/01\/STUDENT-RESOURCES-7.11.2024-V3.png?resize=232%2C300&amp;ssl=1 232w, https:\/\/i0.wp.com\/hamraenterprises.com\/wp-content\/uploads\/2025\/01\/STUDENT-RESOURCES-7.11.2024-V3.png?resize=768%2C994&amp;ssl=1 768w, https:\/\/i0.wp.com\/hamraenterprises.com\/wp-content\/uploads\/2025\/01\/STUDENT-RESOURCES-7.11.2024-V3.png?resize=1187%2C1536&amp;ssl=1 1187w, https:\/\/i0.wp.com\/hamraenterprises.com\/wp-content\/uploads\/2025\/01\/STUDENT-RESOURCES-7.11.2024-V3.png?resize=1583%2C2048&amp;ssl=1 1583w, https:\/\/i0.wp.com\/hamraenterprises.com\/wp-content\/uploads\/2025\/01\/STUDENT-RESOURCES-7.11.2024-V3.png?resize=58%2C75&amp;ssl=1 58w, https:\/\/i0.wp.com\/hamraenterprises.com\/wp-content\/uploads\/2025\/01\/STUDENT-RESOURCES-7.11.2024-V3.png?resize=480%2C621&amp;ssl=1 480w, https:\/\/i0.wp.com\/hamraenterprises.com\/wp-content\/uploads\/2025\/01\/STUDENT-RESOURCES-7.11.2024-V3.png?w=2440&amp;ssl=1 2440w\" sizes=\"(max-width:767px) 480px, (max-width:768px) 100vw, 768px\" \/>\t\t\t\t\t\t\t\t\t\t\t\t\t\t\t<\/div>\n\t\t\t\t<\/div>\n\t\t\t\t\t<\/div>\n\t\t<\/div>\n\t\t\t\t\t<\/div>\n\t\t<\/section>\n\t\t\t\t<section class=\"elementor-section elementor-top-section elementor-element elementor-element-ebdb6a2 elementor-section-boxed elementor-section-height-default elementor-section-height-default\" data-id=\"ebdb6a2\" data-element_type=\"section\" data-e-type=\"section\">\n\t\t\t\t\t\t<div class=\"elementor-container elementor-column-gap-default\">\n\t\t\t\t\t<div class=\"elementor-column elementor-col-100 elementor-top-column elementor-element elementor-element-8d996b3\" data-id=\"8d996b3\" data-element_type=\"column\" data-e-type=\"column\">\n\t\t\t<div class=\"elementor-widget-wrap elementor-element-populated\">\n\t\t\t\t\t\t<div class=\"elementor-element elementor-element-d584e36 elementor-widget elementor-widget-spacer\" data-id=\"d584e36\" data-element_type=\"widget\" data-e-type=\"widget\" data-widget_type=\"spacer.default\">\n\t\t\t\t<div class=\"elementor-widget-container\">\n\t\t\t\t\t\t\t<div class=\"elementor-spacer\">\n\t\t\t<div class=\"elementor-spacer-inner\"><\/div>\n\t\t<\/div>\n\t\t\t\t\t\t<\/div>\n\t\t\t\t<\/div>\n\t\t\t\t\t<\/div>\n\t\t<\/div>\n\t\t\t\t\t<\/div>\n\t\t<\/section>\n\t\t\t\t<section class=\"elementor-section elementor-top-section elementor-element elementor-element-1b88a24 elementor-section-boxed elementor-section-height-default elementor-section-height-default\" data-id=\"1b88a24\" data-element_type=\"section\" data-e-type=\"section\">\n\t\t\t\t\t\t<div class=\"elementor-container elementor-column-gap-default\">\n\t\t\t\t\t<div class=\"elementor-column elementor-col-100 elementor-top-column elementor-element elementor-element-dbd85c2\" data-id=\"dbd85c2\" data-element_type=\"column\" data-e-type=\"column\">\n\t\t\t<div class=\"elementor-widget-wrap elementor-element-populated\">\n\t\t\t\t\t\t<div class=\"elementor-element elementor-element-a969ca1 elementor-widget-divider--view-line elementor-widget elementor-widget-divider\" data-id=\"a969ca1\" data-element_type=\"widget\" data-e-type=\"widget\" data-widget_type=\"divider.default\">\n\t\t\t\t<div class=\"elementor-widget-container\">\n\t\t\t\t\t\t\t<div class=\"elementor-divider\">\n\t\t\t<span class=\"elementor-divider-separator\">\n\t\t\t\t\t\t<\/span>\n\t\t<\/div>\n\t\t\t\t\t\t<\/div>\n\t\t\t\t<\/div>\n\t\t\t\t\t<\/div>\n\t\t<\/div>\n\t\t\t\t\t<\/div>\n\t\t<\/section>\n\t\t\t\t<\/div>","protected":false},"excerpt":{"rendered":"","protected":false},"author":2,"featured_media":0,"parent":0,"menu_order":0,"comment_status":"closed","ping_status":"closed","template":"","meta":{"footnotes":""},"class_list":["post-6517","page","type-page","status-publish","hentry"],"acf":[],"yoast_head":"<!-- This site is optimized with the Yoast SEO plugin v27.5 - https:\/\/yoast.com\/product\/yoast-seo-wordpress\/ -->\n<title>Student Resources - HAMRA<\/title>\n<meta name=\"robots\" content=\"index, follow, max-snippet:-1, max-image-preview:large, max-video-preview:-1\" \/>\n<link rel=\"canonical\" href=\"https:\/\/hamraenterprises.com\/pt\/studentresources\/\" \/>\n<meta property=\"og:locale\" content=\"pt_BR\" \/>\n<meta property=\"og:type\" content=\"article\" \/>\n<meta property=\"og:title\" content=\"Student Resources - HAMRA\" \/>\n<meta property=\"og:url\" content=\"https:\/\/hamraenterprises.com\/pt\/studentresources\/\" \/>\n<meta property=\"og:site_name\" content=\"HAMRA\" \/>\n<meta property=\"article:modified_time\" content=\"2025-01-16T00:09:30+00:00\" \/>\n<meta property=\"og:image\" content=\"https:\/\/hamraenterprises.com\/wp-content\/uploads\/2025\/01\/STUDENT-RESOURCES-7.11.2024-V3-768x994.png\" \/>\n<meta name=\"twitter:card\" content=\"summary_large_image\" \/>\n<meta name=\"twitter:label1\" content=\"Est. reading time\" \/>\n\t<meta name=\"twitter:data1\" content=\"1 minuto\" \/>\n<script type=\"application\/ld+json\" class=\"yoast-schema-graph\">{\"@context\":\"https:\\\/\\\/schema.org\",\"@graph\":[{\"@type\":\"WebPage\",\"@id\":\"https:\\\/\\\/hamraenterprises.com\\\/studentresources\\\/\",\"url\":\"https:\\\/\\\/hamraenterprises.com\\\/studentresources\\\/\",\"name\":\"Student Resources - HAMRA\",\"isPartOf\":{\"@id\":\"https:\\\/\\\/hamraenterprises.com\\\/#website\"},\"primaryImageOfPage\":{\"@id\":\"https:\\\/\\\/hamraenterprises.com\\\/studentresources\\\/#primaryimage\"},\"image\":{\"@id\":\"https:\\\/\\\/hamraenterprises.com\\\/studentresources\\\/#primaryimage\"},\"thumbnailUrl\":\"https:\\\/\\\/hamraenterprises.com\\\/wp-content\\\/uploads\\\/2025\\\/01\\\/STUDENT-RESOURCES-7.11.2024-V3-768x994.png\",\"datePublished\":\"2025-01-05T19:34:04+00:00\",\"dateModified\":\"2025-01-16T00:09:30+00:00\",\"breadcrumb\":{\"@id\":\"https:\\\/\\\/hamraenterprises.com\\\/studentresources\\\/#breadcrumb\"},\"inLanguage\":\"pt-BR\",\"potentialAction\":[{\"@type\":\"ReadAction\",\"target\":[\"https:\\\/\\\/hamraenterprises.com\\\/studentresources\\\/\"]}]},{\"@type\":\"ImageObject\",\"inLanguage\":\"pt-BR\",\"@id\":\"https:\\\/\\\/hamraenterprises.com\\\/studentresources\\\/#primaryimage\",\"url\":\"https:\\\/\\\/hamraenterprises.com\\\/wp-content\\\/uploads\\\/2025\\\/01\\\/STUDENT-RESOURCES-7.11.2024-V3-768x994.png\",\"contentUrl\":\"https:\\\/\\\/hamraenterprises.com\\\/wp-content\\\/uploads\\\/2025\\\/01\\\/STUDENT-RESOURCES-7.11.2024-V3-768x994.png\"},{\"@type\":\"BreadcrumbList\",\"@id\":\"https:\\\/\\\/hamraenterprises.com\\\/studentresources\\\/#breadcrumb\",\"itemListElement\":[{\"@type\":\"ListItem\",\"position\":1,\"name\":\"Home\",\"item\":\"https:\\\/\\\/hamraenterprises.com\\\/\"},{\"@type\":\"ListItem\",\"position\":2,\"name\":\"Student Resources\"}]},{\"@type\":\"WebSite\",\"@id\":\"https:\\\/\\\/hamraenterprises.com\\\/#website\",\"url\":\"https:\\\/\\\/hamraenterprises.com\\\/\",\"name\":\"HAMRA\",\"description\":\"Hamra Enterprises\",\"potentialAction\":[{\"@type\":\"SearchAction\",\"target\":{\"@type\":\"EntryPoint\",\"urlTemplate\":\"https:\\\/\\\/hamraenterprises.com\\\/?s={search_term_string}\"},\"query-input\":{\"@type\":\"PropertyValueSpecification\",\"valueRequired\":true,\"valueName\":\"search_term_string\"}}],\"inLanguage\":\"pt-BR\"}]}<\/script>\n<!-- \/ Yoast SEO plugin. -->","yoast_head_json":{"title":"Student Resources - HAMRA","robots":{"index":"index","follow":"follow","max-snippet":"max-snippet:-1","max-image-preview":"max-image-preview:large","max-video-preview":"max-video-preview:-1"},"canonical":"https:\/\/hamraenterprises.com\/pt\/studentresources\/","og_locale":"pt_BR","og_type":"article","og_title":"Student Resources - HAMRA","og_url":"https:\/\/hamraenterprises.com\/pt\/studentresources\/","og_site_name":"HAMRA","article_modified_time":"2025-01-16T00:09:30+00:00","og_image":[{"url":"https:\/\/hamraenterprises.com\/wp-content\/uploads\/2025\/01\/STUDENT-RESOURCES-7.11.2024-V3-768x994.png","type":"","width":"","height":""}],"twitter_card":"summary_large_image","twitter_misc":{"Est. reading time":"1 minuto"},"schema":{"@context":"https:\/\/schema.org","@graph":[{"@type":"WebPage","@id":"https:\/\/hamraenterprises.com\/studentresources\/","url":"https:\/\/hamraenterprises.com\/studentresources\/","name":"Student Resources - HAMRA","isPartOf":{"@id":"https:\/\/hamraenterprises.com\/#website"},"primaryImageOfPage":{"@id":"https:\/\/hamraenterprises.com\/studentresources\/#primaryimage"},"image":{"@id":"https:\/\/hamraenterprises.com\/studentresources\/#primaryimage"},"thumbnailUrl":"https:\/\/hamraenterprises.com\/wp-content\/uploads\/2025\/01\/STUDENT-RESOURCES-7.11.2024-V3-768x994.png","datePublished":"2025-01-05T19:34:04+00:00","dateModified":"2025-01-16T00:09:30+00:00","breadcrumb":{"@id":"https:\/\/hamraenterprises.com\/studentresources\/#breadcrumb"},"inLanguage":"pt-BR","potentialAction":[{"@type":"ReadAction","target":["https:\/\/hamraenterprises.com\/studentresources\/"]}]},{"@type":"ImageObject","inLanguage":"pt-BR","@id":"https:\/\/hamraenterprises.com\/studentresources\/#primaryimage","url":"https:\/\/hamraenterprises.com\/wp-content\/uploads\/2025\/01\/STUDENT-RESOURCES-7.11.2024-V3-768x994.png","contentUrl":"https:\/\/hamraenterprises.com\/wp-content\/uploads\/2025\/01\/STUDENT-RESOURCES-7.11.2024-V3-768x994.png"},{"@type":"BreadcrumbList","@id":"https:\/\/hamraenterprises.com\/studentresources\/#breadcrumb","itemListElement":[{"@type":"ListItem","position":1,"name":"Home","item":"https:\/\/hamraenterprises.com\/"},{"@type":"ListItem","position":2,"name":"Student Resources"}]},{"@type":"WebSite","@id":"https:\/\/hamraenterprises.com\/#website","url":"https:\/\/hamraenterprises.com\/","name":"HAMRA","description":"Hamra Enterprises","potentialAction":[{"@type":"SearchAction","target":{"@type":"EntryPoint","urlTemplate":"https:\/\/hamraenterprises.com\/?s={search_term_string}"},"query-input":{"@type":"PropertyValueSpecification","valueRequired":true,"valueName":"search_term_string"}}],"inLanguage":"pt-BR"}]}},"jetpack_sharing_enabled":true,"_links":{"self":[{"href":"https:\/\/hamraenterprises.com\/pt\/wp-json\/wp\/v2\/pages\/6517","targetHints":{"allow":["GET"]}}],"collection":[{"href":"https:\/\/hamraenterprises.com\/pt\/wp-json\/wp\/v2\/pages"}],"about":[{"href":"https:\/\/hamraenterprises.com\/pt\/wp-json\/wp\/v2\/types\/page"}],"author":[{"embeddable":true,"href":"https:\/\/hamraenterprises.com\/pt\/wp-json\/wp\/v2\/users\/2"}],"replies":[{"embeddable":true,"href":"https:\/\/hamraenterprises.com\/pt\/wp-json\/wp\/v2\/comments?post=6517"}],"version-history":[{"count":19,"href":"https:\/\/hamraenterprises.com\/pt\/wp-json\/wp\/v2\/pages\/6517\/revisions"}],"predecessor-version":[{"id":6983,"href":"https:\/\/hamraenterprises.com\/pt\/wp-json\/wp\/v2\/pages\/6517\/revisions\/6983"}],"wp:attachment":[{"href":"https:\/\/hamraenterprises.com\/pt\/wp-json\/wp\/v2\/media?parent=6517"}],"curies":[{"name":"wp","href":"https:\/\/api.w.org\/{rel}","templated":true}]}}