{"id":6387,"date":"2025-01-02T21:04:23","date_gmt":"2025-01-02T21:04:23","guid":{"rendered":"https:\/\/hamraenterprises.com\/?page_id=6387"},"modified":"2025-01-16T00:06:37","modified_gmt":"2025-01-16T00:06:37","slug":"eap","status":"publish","type":"page","link":"https:\/\/hamraenterprises.com\/pt\/eap\/","title":{"rendered":"Programa de Assist\u00eancia ao Funcion\u00e1rio"},"content":{"rendered":"<div data-elementor-type=\"wp-page\" data-elementor-id=\"6387\" class=\"elementor elementor-6387\" data-elementor-post-type=\"page\">\n\t\t\t\t\t\t<section class=\"elementor-section elementor-top-section elementor-element elementor-element-5e17086 elementor-section-boxed elementor-section-height-default elementor-section-height-default\" data-id=\"5e17086\" data-element_type=\"section\" data-e-type=\"section\">\n\t\t\t\t\t\t<div class=\"elementor-container elementor-column-gap-default\">\n\t\t\t\t\t<div class=\"elementor-column elementor-col-100 elementor-top-column elementor-element elementor-element-aba6efc\" data-id=\"aba6efc\" data-element_type=\"column\" data-e-type=\"column\">\n\t\t\t<div class=\"elementor-widget-wrap elementor-element-populated\">\n\t\t\t\t\t\t<div class=\"elementor-element elementor-element-d8b2ff6 elementor-nav-menu__align-center elementor-nav-menu--dropdown-tablet elementor-nav-menu__text-align-aside elementor-nav-menu--toggle elementor-nav-menu--burger elementor-widget elementor-widget-nav-menu\" data-id=\"d8b2ff6\" data-element_type=\"widget\" data-e-type=\"widget\" data-settings=\"{&quot;layout&quot;:&quot;horizontal&quot;,&quot;submenu_icon&quot;:{&quot;value&quot;:&quot;&lt;i class=\\&quot;fas fa-caret-down\\&quot; aria-hidden=\\&quot;true\\&quot;&gt;&lt;\\\/i&gt;&quot;,&quot;library&quot;:&quot;fa-solid&quot;},&quot;toggle&quot;:&quot;burger&quot;}\" data-widget_type=\"nav-menu.default\">\n\t\t\t\t<div class=\"elementor-widget-container\">\n\t\t\t\t\t\t\t\t<nav aria-label=\"Menu\" class=\"elementor-nav-menu--main elementor-nav-menu__container elementor-nav-menu--layout-horizontal e--pointer-underline e--animation-fade\">\n\t\t\t\t<ul id=\"menu-1-d8b2ff6\" class=\"elementor-nav-menu\"><li class=\"menu-item menu-item-type-post_type menu-item-object-page menu-item-6564\"><a href=\"https:\/\/hamraenterprises.com\/pt\/joinus\/\" class=\"elementor-item\">Junte-se a n\u00f3s<\/a><\/li>\n<li class=\"menu-item menu-item-type-post_type menu-item-object-page menu-item-6670\"><a href=\"https:\/\/hamraenterprises.com\/pt\/401k\/\" class=\"elementor-item\">401K<\/a><\/li>\n<li class=\"menu-item menu-item-type-post_type menu-item-object-page menu-item-6565\"><a href=\"https:\/\/hamraenterprises.com\/pt\/careerdevelopment\/\" class=\"elementor-item\">Desenvolvimento de carreira<\/a><\/li>\n<li class=\"menu-item menu-item-type-post_type menu-item-object-page menu-item-6650\"><a href=\"https:\/\/hamraenterprises.com\/pt\/manager-bonus-program\/\" class=\"elementor-item\">Programas de b\u00f4nus para gerentes<\/a><\/li>\n<li class=\"menu-item menu-item-type-post_type menu-item-object-page menu-item-6713\"><a href=\"https:\/\/hamraenterprises.com\/pt\/meal-discounts\/\" class=\"elementor-item\">Descontos em refei\u00e7\u00f5es<\/a><\/li>\n<li class=\"menu-item menu-item-type-post_type menu-item-object-page menu-item-6560\"><a href=\"https:\/\/hamraenterprises.com\/pt\/medical-benefits\/\" class=\"elementor-item\">Benef\u00edcios m\u00e9dicos<\/a><\/li>\n<li class=\"menu-item menu-item-type-post_type menu-item-object-page menu-item-6563\"><a href=\"https:\/\/hamraenterprises.com\/pt\/paychecksanddailypay\/\" class=\"elementor-item\">Cheques de pagamento e DailyPay<\/a><\/li>\n<li class=\"menu-item menu-item-type-post_type menu-item-object-page menu-item-6761\"><a href=\"https:\/\/hamraenterprises.com\/pt\/referral-program\/\" class=\"elementor-item\">Programa de indica\u00e7\u00e3o<\/a><\/li>\n<li class=\"menu-item menu-item-type-post_type menu-item-object-page menu-item-6562\"><a href=\"https:\/\/hamraenterprises.com\/pt\/studentresources\/\" class=\"elementor-item\">Recursos para estudantes<\/a><\/li>\n<li class=\"menu-item menu-item-type-post_type menu-item-object-page menu-item-6561\"><a href=\"https:\/\/hamraenterprises.com\/pt\/vacation-sick-time\/\" class=\"elementor-item\">F\u00e9rias e licen\u00e7a m\u00e9dica<\/a><\/li>\n<\/ul>\t\t\t<\/nav>\n\t\t\t\t\t<div class=\"elementor-menu-toggle\" role=\"button\" tabindex=\"0\" aria-label=\"Menu Toggle\" aria-expanded=\"false\">\n\t\t\t<i aria-hidden=\"true\" role=\"presentation\" class=\"elementor-menu-toggle__icon--open eicon-menu-bar\"><\/i><i aria-hidden=\"true\" role=\"presentation\" class=\"elementor-menu-toggle__icon--close eicon-close\"><\/i>\t\t<\/div>\n\t\t\t\t\t<nav class=\"elementor-nav-menu--dropdown elementor-nav-menu__container\" aria-hidden=\"true\">\n\t\t\t\t<ul id=\"menu-2-d8b2ff6\" class=\"elementor-nav-menu\"><li class=\"menu-item menu-item-type-post_type menu-item-object-page menu-item-6564\"><a href=\"https:\/\/hamraenterprises.com\/pt\/joinus\/\" class=\"elementor-item\" tabindex=\"-1\">Junte-se a n\u00f3s<\/a><\/li>\n<li class=\"menu-item menu-item-type-post_type menu-item-object-page menu-item-6670\"><a href=\"https:\/\/hamraenterprises.com\/pt\/401k\/\" class=\"elementor-item\" tabindex=\"-1\">401K<\/a><\/li>\n<li class=\"menu-item menu-item-type-post_type menu-item-object-page menu-item-6565\"><a href=\"https:\/\/hamraenterprises.com\/pt\/careerdevelopment\/\" class=\"elementor-item\" tabindex=\"-1\">Desenvolvimento de carreira<\/a><\/li>\n<li class=\"menu-item menu-item-type-post_type menu-item-object-page menu-item-6650\"><a href=\"https:\/\/hamraenterprises.com\/pt\/manager-bonus-program\/\" class=\"elementor-item\" tabindex=\"-1\">Programas de b\u00f4nus para gerentes<\/a><\/li>\n<li class=\"menu-item menu-item-type-post_type menu-item-object-page menu-item-6713\"><a href=\"https:\/\/hamraenterprises.com\/pt\/meal-discounts\/\" class=\"elementor-item\" tabindex=\"-1\">Descontos em refei\u00e7\u00f5es<\/a><\/li>\n<li class=\"menu-item menu-item-type-post_type menu-item-object-page menu-item-6560\"><a href=\"https:\/\/hamraenterprises.com\/pt\/medical-benefits\/\" class=\"elementor-item\" tabindex=\"-1\">Benef\u00edcios m\u00e9dicos<\/a><\/li>\n<li class=\"menu-item menu-item-type-post_type menu-item-object-page menu-item-6563\"><a href=\"https:\/\/hamraenterprises.com\/pt\/paychecksanddailypay\/\" class=\"elementor-item\" tabindex=\"-1\">Cheques de pagamento e DailyPay<\/a><\/li>\n<li class=\"menu-item menu-item-type-post_type menu-item-object-page menu-item-6761\"><a href=\"https:\/\/hamraenterprises.com\/pt\/referral-program\/\" class=\"elementor-item\" tabindex=\"-1\">Programa de indica\u00e7\u00e3o<\/a><\/li>\n<li class=\"menu-item menu-item-type-post_type menu-item-object-page menu-item-6562\"><a href=\"https:\/\/hamraenterprises.com\/pt\/studentresources\/\" class=\"elementor-item\" tabindex=\"-1\">Recursos para estudantes<\/a><\/li>\n<li class=\"menu-item menu-item-type-post_type menu-item-object-page menu-item-6561\"><a href=\"https:\/\/hamraenterprises.com\/pt\/vacation-sick-time\/\" class=\"elementor-item\" tabindex=\"-1\">F\u00e9rias e licen\u00e7a m\u00e9dica<\/a><\/li>\n<\/ul>\t\t\t<\/nav>\n\t\t\t\t\t\t<\/div>\n\t\t\t\t<\/div>\n\t\t\t\t\t<\/div>\n\t\t<\/div>\n\t\t\t\t\t<\/div>\n\t\t<\/section>\n\t\t\t\t<section class=\"elementor-section elementor-top-section elementor-element elementor-element-4cc9a58 elementor-section-boxed elementor-section-height-default elementor-section-height-default\" data-id=\"4cc9a58\" data-element_type=\"section\" data-e-type=\"section\">\n\t\t\t\t\t\t<div class=\"elementor-container elementor-column-gap-default\">\n\t\t\t\t\t<div class=\"elementor-column elementor-col-100 elementor-top-column elementor-element elementor-element-0baa03c\" data-id=\"0baa03c\" data-element_type=\"column\" data-e-type=\"column\">\n\t\t\t<div class=\"elementor-widget-wrap elementor-element-populated\">\n\t\t\t\t\t\t<div class=\"elementor-element elementor-element-8d7a8c6 elementor-widget-divider--view-line elementor-widget elementor-widget-divider\" data-id=\"8d7a8c6\" data-element_type=\"widget\" data-e-type=\"widget\" data-widget_type=\"divider.default\">\n\t\t\t\t<div class=\"elementor-widget-container\">\n\t\t\t\t\t\t\t<div class=\"elementor-divider\">\n\t\t\t<span class=\"elementor-divider-separator\">\n\t\t\t\t\t\t<\/span>\n\t\t<\/div>\n\t\t\t\t\t\t<\/div>\n\t\t\t\t<\/div>\n\t\t\t\t\t<\/div>\n\t\t<\/div>\n\t\t\t\t\t<\/div>\n\t\t<\/section>\n\t\t\t\t<section class=\"elementor-section elementor-top-section elementor-element elementor-element-4d8ca43 elementor-section-boxed elementor-section-height-default elementor-section-height-default\" data-id=\"4d8ca43\" data-element_type=\"section\" data-e-type=\"section\">\n\t\t\t\t\t\t<div class=\"elementor-container elementor-column-gap-default\">\n\t\t\t\t\t<div class=\"elementor-column elementor-col-100 elementor-top-column elementor-element elementor-element-6738b08\" data-id=\"6738b08\" data-element_type=\"column\" data-e-type=\"column\">\n\t\t\t<div class=\"elementor-widget-wrap elementor-element-populated\">\n\t\t\t\t\t\t<div class=\"elementor-element elementor-element-a0724c2 elementor-widget elementor-widget-text-editor\" data-id=\"a0724c2\" data-element_type=\"widget\" data-e-type=\"widget\" data-widget_type=\"text-editor.default\">\n\t\t\t\t<div class=\"elementor-widget-container\">\n\t\t\t\t\t\t\t\t\t<h6>Hamra employees have access to an EAP sponsored by Mutual of Omaha. The EAP is a benefit\u00a0<strong>available 24\/7, 365 days a year<\/strong>. An EAP representative can assist you or a family member with:\u00a0<\/h6><ul><li>Emotional well-being<\/li><li>Substance abuse &amp; addiction<\/li><li>Legal assistance<\/li><li>Financial Wellness<\/li><li>And\u00a0<strong>MORE<\/strong><\/li><\/ul><p>Hamra employees get 5 free counseling sessions\u00a0<em>per issue,<\/em>\u00a0and 1 legal consultation\u00a0<em>per issue.<\/em><\/p><p>Visit Mutual Of Omaha&#8217;s Website: <a href=\"https:\/\/www.mutualofomaha.com\/\">https:\/\/www.mutualofomaha.com\/<\/a><\/p>\t\t\t\t\t\t\t\t<\/div>\n\t\t\t\t<\/div>\n\t\t\t\t\t<\/div>\n\t\t<\/div>\n\t\t\t\t\t<\/div>\n\t\t<\/section>\n\t\t\t\t<section class=\"elementor-section elementor-top-section elementor-element elementor-element-ed86c4c elementor-section-boxed elementor-section-height-default elementor-section-height-default\" data-id=\"ed86c4c\" data-element_type=\"section\" data-e-type=\"section\">\n\t\t\t\t\t\t<div class=\"elementor-container elementor-column-gap-default\">\n\t\t\t\t\t<div class=\"elementor-column elementor-col-33 elementor-top-column elementor-element elementor-element-14188bc\" data-id=\"14188bc\" data-element_type=\"column\" data-e-type=\"column\">\n\t\t\t<div class=\"elementor-widget-wrap elementor-element-populated\">\n\t\t\t\t\t\t<div class=\"elementor-element elementor-element-f1cba0d elementor-widget elementor-widget-image\" data-id=\"f1cba0d\" data-element_type=\"widget\" data-e-type=\"widget\" data-widget_type=\"image.default\">\n\t\t\t\t<div class=\"elementor-widget-container\">\n\t\t\t\t\t\t\t\t\t\t\t\t<figure class=\"wp-caption\">\n\t\t\t\t\t\t\t\t\t\t<img fetchpriority=\"high\" decoding=\"async\" width=\"934\" height=\"1200\" src=\"https:\/\/i0.wp.com\/hamraenterprises.com\/wp-content\/uploads\/2025\/01\/EAP-Information-Sheet-12.16.2024.png?fit=934%2C1200&amp;ssl=1\" class=\"attachment-large size-large wp-image-6384\" alt=\"EAP Information Sheet\" srcset=\"https:\/\/i0.wp.com\/hamraenterprises.com\/wp-content\/uploads\/2025\/01\/EAP-Information-Sheet-12.16.2024.png?w=2197&amp;ssl=1 2197w, https:\/\/i0.wp.com\/hamraenterprises.com\/wp-content\/uploads\/2025\/01\/EAP-Information-Sheet-12.16.2024.png?resize=389%2C500&amp;ssl=1 389w, https:\/\/i0.wp.com\/hamraenterprises.com\/wp-content\/uploads\/2025\/01\/EAP-Information-Sheet-12.16.2024.png?resize=934%2C1200&amp;ssl=1 934w, https:\/\/i0.wp.com\/hamraenterprises.com\/wp-content\/uploads\/2025\/01\/EAP-Information-Sheet-12.16.2024.png?resize=233%2C300&amp;ssl=1 233w, https:\/\/i0.wp.com\/hamraenterprises.com\/wp-content\/uploads\/2025\/01\/EAP-Information-Sheet-12.16.2024.png?resize=768%2C987&amp;ssl=1 768w, https:\/\/i0.wp.com\/hamraenterprises.com\/wp-content\/uploads\/2025\/01\/EAP-Information-Sheet-12.16.2024.png?resize=1195%2C1536&amp;ssl=1 1195w, https:\/\/i0.wp.com\/hamraenterprises.com\/wp-content\/uploads\/2025\/01\/EAP-Information-Sheet-12.16.2024.png?resize=1593%2C2048&amp;ssl=1 1593w, https:\/\/i0.wp.com\/hamraenterprises.com\/wp-content\/uploads\/2025\/01\/EAP-Information-Sheet-12.16.2024.png?resize=58%2C75&amp;ssl=1 58w, https:\/\/i0.wp.com\/hamraenterprises.com\/wp-content\/uploads\/2025\/01\/EAP-Information-Sheet-12.16.2024.png?resize=480%2C617&amp;ssl=1 480w\" sizes=\"(max-width:767px) 480px, (max-width:934px) 100vw, 934px\" \/>\t\t\t\t\t\t\t\t\t\t\t<figcaption class=\"widget-image-caption wp-caption-text\">EAP Information Sheet<\/figcaption>\n\t\t\t\t\t\t\t\t\t\t<\/figure>\n\t\t\t\t\t\t\t\t\t<\/div>\n\t\t\t\t<\/div>\n\t\t\t\t\t<\/div>\n\t\t<\/div>\n\t\t\t\t<div class=\"elementor-column elementor-col-33 elementor-top-column elementor-element elementor-element-ea4e674\" data-id=\"ea4e674\" data-element_type=\"column\" data-e-type=\"column\">\n\t\t\t<div class=\"elementor-widget-wrap elementor-element-populated\">\n\t\t\t\t\t\t<div class=\"elementor-element elementor-element-5a29255 elementor-widget elementor-widget-image\" data-id=\"5a29255\" data-element_type=\"widget\" data-e-type=\"widget\" data-widget_type=\"image.default\">\n\t\t\t\t<div class=\"elementor-widget-container\">\n\t\t\t\t\t\t\t\t\t\t\t\t<figure class=\"wp-caption\">\n\t\t\t\t\t\t\t\t\t\t<img decoding=\"async\" width=\"750\" height=\"450\" src=\"https:\/\/i0.wp.com\/hamraenterprises.com\/wp-content\/uploads\/2025\/01\/EAP-Wallet-Card-12.16.24_Page_1.png?fit=750%2C450&amp;ssl=1\" class=\"attachment-large size-large wp-image-6385\" alt=\"EAP Wallet Card\" srcset=\"https:\/\/i0.wp.com\/hamraenterprises.com\/wp-content\/uploads\/2025\/01\/EAP-Wallet-Card-12.16.24_Page_1.png?w=750&amp;ssl=1 750w, https:\/\/i0.wp.com\/hamraenterprises.com\/wp-content\/uploads\/2025\/01\/EAP-Wallet-Card-12.16.24_Page_1.png?resize=500%2C300&amp;ssl=1 500w, https:\/\/i0.wp.com\/hamraenterprises.com\/wp-content\/uploads\/2025\/01\/EAP-Wallet-Card-12.16.24_Page_1.png?resize=300%2C180&amp;ssl=1 300w, https:\/\/i0.wp.com\/hamraenterprises.com\/wp-content\/uploads\/2025\/01\/EAP-Wallet-Card-12.16.24_Page_1.png?resize=125%2C75&amp;ssl=1 125w, https:\/\/i0.wp.com\/hamraenterprises.com\/wp-content\/uploads\/2025\/01\/EAP-Wallet-Card-12.16.24_Page_1.png?resize=480%2C288&amp;ssl=1 480w\" sizes=\"(max-width:767px) 480px, 750px\" \/>\t\t\t\t\t\t\t\t\t\t\t<figcaption class=\"widget-image-caption wp-caption-text\">EAP Wallet Card<\/figcaption>\n\t\t\t\t\t\t\t\t\t\t<\/figure>\n\t\t\t\t\t\t\t\t\t<\/div>\n\t\t\t\t<\/div>\n\t\t\t\t\t<\/div>\n\t\t<\/div>\n\t\t\t\t<div class=\"elementor-column elementor-col-33 elementor-top-column elementor-element elementor-element-1f9cd3b\" data-id=\"1f9cd3b\" data-element_type=\"column\" data-e-type=\"column\">\n\t\t\t<div class=\"elementor-widget-wrap elementor-element-populated\">\n\t\t\t\t\t\t<div class=\"elementor-element elementor-element-8c66706 elementor-widget elementor-widget-image\" data-id=\"8c66706\" data-element_type=\"widget\" data-e-type=\"widget\" data-widget_type=\"image.default\">\n\t\t\t\t<div class=\"elementor-widget-container\">\n\t\t\t\t\t\t\t\t\t\t\t\t<figure class=\"wp-caption\">\n\t\t\t\t\t\t\t\t\t\t<img decoding=\"async\" width=\"1125\" height=\"675\" src=\"https:\/\/i0.wp.com\/hamraenterprises.com\/wp-content\/uploads\/2025\/01\/EAP-Wallet-Card-12.16.24_Page_2.png?fit=1125%2C675&amp;ssl=1\" class=\"attachment-large size-large wp-image-6386\" alt=\"EAP Wallet Card 2\" srcset=\"https:\/\/i0.wp.com\/hamraenterprises.com\/wp-content\/uploads\/2025\/01\/EAP-Wallet-Card-12.16.24_Page_2.png?w=1125&amp;ssl=1 1125w, https:\/\/i0.wp.com\/hamraenterprises.com\/wp-content\/uploads\/2025\/01\/EAP-Wallet-Card-12.16.24_Page_2.png?resize=500%2C300&amp;ssl=1 500w, https:\/\/i0.wp.com\/hamraenterprises.com\/wp-content\/uploads\/2025\/01\/EAP-Wallet-Card-12.16.24_Page_2.png?resize=300%2C180&amp;ssl=1 300w, https:\/\/i0.wp.com\/hamraenterprises.com\/wp-content\/uploads\/2025\/01\/EAP-Wallet-Card-12.16.24_Page_2.png?resize=768%2C461&amp;ssl=1 768w, https:\/\/i0.wp.com\/hamraenterprises.com\/wp-content\/uploads\/2025\/01\/EAP-Wallet-Card-12.16.24_Page_2.png?resize=125%2C75&amp;ssl=1 125w, https:\/\/i0.wp.com\/hamraenterprises.com\/wp-content\/uploads\/2025\/01\/EAP-Wallet-Card-12.16.24_Page_2.png?resize=480%2C288&amp;ssl=1 480w\" sizes=\"(max-width:767px) 480px, (max-width:1125px) 100vw, 1125px\" \/>\t\t\t\t\t\t\t\t\t\t\t<figcaption class=\"widget-image-caption wp-caption-text\">EAP Wallet Card 2<\/figcaption>\n\t\t\t\t\t\t\t\t\t\t<\/figure>\n\t\t\t\t\t\t\t\t\t<\/div>\n\t\t\t\t<\/div>\n\t\t\t\t\t<\/div>\n\t\t<\/div>\n\t\t\t\t\t<\/div>\n\t\t<\/section>\n\t\t\t\t<section class=\"elementor-section elementor-top-section elementor-element elementor-element-ca3e212 elementor-section-boxed elementor-section-height-default elementor-section-height-default\" data-id=\"ca3e212\" data-element_type=\"section\" data-e-type=\"section\">\n\t\t\t\t\t\t<div class=\"elementor-container elementor-column-gap-default\">\n\t\t\t\t\t<div class=\"elementor-column elementor-col-100 elementor-top-column elementor-element elementor-element-1593c80\" data-id=\"1593c80\" data-element_type=\"column\" data-e-type=\"column\">\n\t\t\t<div class=\"elementor-widget-wrap elementor-element-populated\">\n\t\t\t\t\t\t<div class=\"elementor-element elementor-element-de3f02e elementor-widget elementor-widget-spacer\" data-id=\"de3f02e\" data-element_type=\"widget\" data-e-type=\"widget\" data-widget_type=\"spacer.default\">\n\t\t\t\t<div class=\"elementor-widget-container\">\n\t\t\t\t\t\t\t<div class=\"elementor-spacer\">\n\t\t\t<div class=\"elementor-spacer-inner\"><\/div>\n\t\t<\/div>\n\t\t\t\t\t\t<\/div>\n\t\t\t\t<\/div>\n\t\t\t\t\t<\/div>\n\t\t<\/div>\n\t\t\t\t\t<\/div>\n\t\t<\/section>\n\t\t\t\t<section class=\"elementor-section elementor-top-section elementor-element elementor-element-7a8de63 elementor-section-boxed elementor-section-height-default elementor-section-height-default\" data-id=\"7a8de63\" data-element_type=\"section\" data-e-type=\"section\">\n\t\t\t\t\t\t<div class=\"elementor-container elementor-column-gap-default\">\n\t\t\t\t\t<div class=\"elementor-column elementor-col-100 elementor-top-column elementor-element elementor-element-48ed27d\" data-id=\"48ed27d\" data-element_type=\"column\" data-e-type=\"column\">\n\t\t\t<div class=\"elementor-widget-wrap elementor-element-populated\">\n\t\t\t\t\t\t<div class=\"elementor-element elementor-element-7b54c6a elementor-widget-divider--view-line elementor-widget elementor-widget-divider\" data-id=\"7b54c6a\" data-element_type=\"widget\" data-e-type=\"widget\" data-widget_type=\"divider.default\">\n\t\t\t\t<div class=\"elementor-widget-container\">\n\t\t\t\t\t\t\t<div class=\"elementor-divider\">\n\t\t\t<span class=\"elementor-divider-separator\">\n\t\t\t\t\t\t<\/span>\n\t\t<\/div>\n\t\t\t\t\t\t<\/div>\n\t\t\t\t<\/div>\n\t\t\t\t\t<\/div>\n\t\t<\/div>\n\t\t\t\t\t<\/div>\n\t\t<\/section>\n\t\t\t\t<\/div>","protected":false},"excerpt":{"rendered":"<p>Hamra employees have access to an EAP sponsored by Mutual of Omaha. The EAP is a benefit\u00a0available 24\/7, 365 days a year. An EAP representative can<span class=\"excerpt-hellip\"> [\u2026]<\/span><\/p>\n","protected":false},"author":2,"featured_media":0,"parent":0,"menu_order":0,"comment_status":"closed","ping_status":"closed","template":"","meta":{"footnotes":""},"class_list":["post-6387","page","type-page","status-publish","hentry"],"acf":[],"yoast_head":"<!-- This site is optimized with the Yoast SEO plugin v27.4 - https:\/\/yoast.com\/product\/yoast-seo-wordpress\/ -->\n<title>Employee Assistance Program - HAMRA<\/title>\n<meta name=\"robots\" content=\"index, follow, max-snippet:-1, max-image-preview:large, max-video-preview:-1\" \/>\n<link rel=\"canonical\" href=\"https:\/\/hamraenterprises.com\/pt\/eap\/\" \/>\n<meta property=\"og:locale\" content=\"pt_BR\" \/>\n<meta property=\"og:type\" content=\"article\" \/>\n<meta property=\"og:title\" content=\"Employee Assistance Program - HAMRA\" \/>\n<meta property=\"og:description\" content=\"Hamra employees have access to an EAP sponsored by Mutual of Omaha. The EAP is a benefit\u00a0available 24\/7, 365 days a year. An EAP representative can [\u2026]\" \/>\n<meta property=\"og:url\" content=\"https:\/\/hamraenterprises.com\/pt\/eap\/\" \/>\n<meta property=\"og:site_name\" content=\"HAMRA\" \/>\n<meta property=\"article:modified_time\" content=\"2025-01-16T00:06:37+00:00\" \/>\n<meta property=\"og:image\" content=\"https:\/\/hamraenterprises.com\/wp-content\/uploads\/2025\/01\/EAP-Information-Sheet-12.16.2024-934x1200.png\" \/>\n<meta name=\"twitter:card\" content=\"summary_large_image\" \/>\n<meta name=\"twitter:label1\" content=\"Est. reading time\" \/>\n\t<meta name=\"twitter:data1\" content=\"2 minutos\" \/>\n<script type=\"application\/ld+json\" class=\"yoast-schema-graph\">{\"@context\":\"https:\\\/\\\/schema.org\",\"@graph\":[{\"@type\":\"WebPage\",\"@id\":\"https:\\\/\\\/hamraenterprises.com\\\/eap\\\/\",\"url\":\"https:\\\/\\\/hamraenterprises.com\\\/eap\\\/\",\"name\":\"Employee Assistance Program - HAMRA\",\"isPartOf\":{\"@id\":\"https:\\\/\\\/hamraenterprises.com\\\/#website\"},\"primaryImageOfPage\":{\"@id\":\"https:\\\/\\\/hamraenterprises.com\\\/eap\\\/#primaryimage\"},\"image\":{\"@id\":\"https:\\\/\\\/hamraenterprises.com\\\/eap\\\/#primaryimage\"},\"thumbnailUrl\":\"https:\\\/\\\/hamraenterprises.com\\\/wp-content\\\/uploads\\\/2025\\\/01\\\/EAP-Information-Sheet-12.16.2024-934x1200.png\",\"datePublished\":\"2025-01-02T21:04:23+00:00\",\"dateModified\":\"2025-01-16T00:06:37+00:00\",\"breadcrumb\":{\"@id\":\"https:\\\/\\\/hamraenterprises.com\\\/eap\\\/#breadcrumb\"},\"inLanguage\":\"pt-BR\",\"potentialAction\":[{\"@type\":\"ReadAction\",\"target\":[\"https:\\\/\\\/hamraenterprises.com\\\/eap\\\/\"]}]},{\"@type\":\"ImageObject\",\"inLanguage\":\"pt-BR\",\"@id\":\"https:\\\/\\\/hamraenterprises.com\\\/eap\\\/#primaryimage\",\"url\":\"https:\\\/\\\/hamraenterprises.com\\\/wp-content\\\/uploads\\\/2025\\\/01\\\/EAP-Information-Sheet-12.16.2024-934x1200.png\",\"contentUrl\":\"https:\\\/\\\/hamraenterprises.com\\\/wp-content\\\/uploads\\\/2025\\\/01\\\/EAP-Information-Sheet-12.16.2024-934x1200.png\"},{\"@type\":\"BreadcrumbList\",\"@id\":\"https:\\\/\\\/hamraenterprises.com\\\/eap\\\/#breadcrumb\",\"itemListElement\":[{\"@type\":\"ListItem\",\"position\":1,\"name\":\"Home\",\"item\":\"https:\\\/\\\/hamraenterprises.com\\\/\"},{\"@type\":\"ListItem\",\"position\":2,\"name\":\"Employee Assistance Program\"}]},{\"@type\":\"WebSite\",\"@id\":\"https:\\\/\\\/hamraenterprises.com\\\/#website\",\"url\":\"https:\\\/\\\/hamraenterprises.com\\\/\",\"name\":\"HAMRA\",\"description\":\"Hamra Enterprises\",\"potentialAction\":[{\"@type\":\"SearchAction\",\"target\":{\"@type\":\"EntryPoint\",\"urlTemplate\":\"https:\\\/\\\/hamraenterprises.com\\\/?s={search_term_string}\"},\"query-input\":{\"@type\":\"PropertyValueSpecification\",\"valueRequired\":true,\"valueName\":\"search_term_string\"}}],\"inLanguage\":\"pt-BR\"}]}<\/script>\n<!-- \/ Yoast SEO plugin. -->","yoast_head_json":{"title":"Employee Assistance Program - HAMRA","robots":{"index":"index","follow":"follow","max-snippet":"max-snippet:-1","max-image-preview":"max-image-preview:large","max-video-preview":"max-video-preview:-1"},"canonical":"https:\/\/hamraenterprises.com\/pt\/eap\/","og_locale":"pt_BR","og_type":"article","og_title":"Employee Assistance Program - HAMRA","og_description":"Hamra employees have access to an EAP sponsored by Mutual of Omaha. The EAP is a benefit\u00a0available 24\/7, 365 days a year. An EAP representative can [\u2026]","og_url":"https:\/\/hamraenterprises.com\/pt\/eap\/","og_site_name":"HAMRA","article_modified_time":"2025-01-16T00:06:37+00:00","og_image":[{"url":"https:\/\/hamraenterprises.com\/wp-content\/uploads\/2025\/01\/EAP-Information-Sheet-12.16.2024-934x1200.png","type":"","width":"","height":""}],"twitter_card":"summary_large_image","twitter_misc":{"Est. reading time":"2 minutos"},"schema":{"@context":"https:\/\/schema.org","@graph":[{"@type":"WebPage","@id":"https:\/\/hamraenterprises.com\/eap\/","url":"https:\/\/hamraenterprises.com\/eap\/","name":"Employee Assistance Program - HAMRA","isPartOf":{"@id":"https:\/\/hamraenterprises.com\/#website"},"primaryImageOfPage":{"@id":"https:\/\/hamraenterprises.com\/eap\/#primaryimage"},"image":{"@id":"https:\/\/hamraenterprises.com\/eap\/#primaryimage"},"thumbnailUrl":"https:\/\/hamraenterprises.com\/wp-content\/uploads\/2025\/01\/EAP-Information-Sheet-12.16.2024-934x1200.png","datePublished":"2025-01-02T21:04:23+00:00","dateModified":"2025-01-16T00:06:37+00:00","breadcrumb":{"@id":"https:\/\/hamraenterprises.com\/eap\/#breadcrumb"},"inLanguage":"pt-BR","potentialAction":[{"@type":"ReadAction","target":["https:\/\/hamraenterprises.com\/eap\/"]}]},{"@type":"ImageObject","inLanguage":"pt-BR","@id":"https:\/\/hamraenterprises.com\/eap\/#primaryimage","url":"https:\/\/hamraenterprises.com\/wp-content\/uploads\/2025\/01\/EAP-Information-Sheet-12.16.2024-934x1200.png","contentUrl":"https:\/\/hamraenterprises.com\/wp-content\/uploads\/2025\/01\/EAP-Information-Sheet-12.16.2024-934x1200.png"},{"@type":"BreadcrumbList","@id":"https:\/\/hamraenterprises.com\/eap\/#breadcrumb","itemListElement":[{"@type":"ListItem","position":1,"name":"Home","item":"https:\/\/hamraenterprises.com\/"},{"@type":"ListItem","position":2,"name":"Employee Assistance Program"}]},{"@type":"WebSite","@id":"https:\/\/hamraenterprises.com\/#website","url":"https:\/\/hamraenterprises.com\/","name":"HAMRA","description":"Hamra Enterprises","potentialAction":[{"@type":"SearchAction","target":{"@type":"EntryPoint","urlTemplate":"https:\/\/hamraenterprises.com\/?s={search_term_string}"},"query-input":{"@type":"PropertyValueSpecification","valueRequired":true,"valueName":"search_term_string"}}],"inLanguage":"pt-BR"}]}},"jetpack_sharing_enabled":true,"_links":{"self":[{"href":"https:\/\/hamraenterprises.com\/pt\/wp-json\/wp\/v2\/pages\/6387","targetHints":{"allow":["GET"]}}],"collection":[{"href":"https:\/\/hamraenterprises.com\/pt\/wp-json\/wp\/v2\/pages"}],"about":[{"href":"https:\/\/hamraenterprises.com\/pt\/wp-json\/wp\/v2\/types\/page"}],"author":[{"embeddable":true,"href":"https:\/\/hamraenterprises.com\/pt\/wp-json\/wp\/v2\/users\/2"}],"replies":[{"embeddable":true,"href":"https:\/\/hamraenterprises.com\/pt\/wp-json\/wp\/v2\/comments?post=6387"}],"version-history":[{"count":28,"href":"https:\/\/hamraenterprises.com\/pt\/wp-json\/wp\/v2\/pages\/6387\/revisions"}],"predecessor-version":[{"id":6974,"href":"https:\/\/hamraenterprises.com\/pt\/wp-json\/wp\/v2\/pages\/6387\/revisions\/6974"}],"wp:attachment":[{"href":"https:\/\/hamraenterprises.com\/pt\/wp-json\/wp\/v2\/media?parent=6387"}],"curies":[{"name":"wp","href":"https:\/\/api.w.org\/{rel}","templated":true}]}}