{"id":6321,"date":"2025-01-02T20:24:55","date_gmt":"2025-01-02T20:24:55","guid":{"rendered":"https:\/\/hamraenterprises.com\/?page_id=6321"},"modified":"2025-02-12T22:56:28","modified_gmt":"2025-02-12T22:56:28","slug":"careerdevelopment","status":"publish","type":"page","link":"https:\/\/hamraenterprises.com\/pt\/careerdevelopment\/","title":{"rendered":"Desenvolvimento de carreira"},"content":{"rendered":"<div data-elementor-type=\"wp-page\" data-elementor-id=\"6321\" class=\"elementor elementor-6321\" data-elementor-post-type=\"page\">\n\t\t\t\t\t\t<section class=\"elementor-section elementor-top-section elementor-element elementor-element-a6c2e01 elementor-section-boxed elementor-section-height-default elementor-section-height-default\" data-id=\"a6c2e01\" data-element_type=\"section\" data-e-type=\"section\">\n\t\t\t\t\t\t<div class=\"elementor-container elementor-column-gap-default\">\n\t\t\t\t\t<div class=\"elementor-column elementor-col-100 elementor-top-column elementor-element elementor-element-6e1fcaa\" data-id=\"6e1fcaa\" data-element_type=\"column\" data-e-type=\"column\">\n\t\t\t<div class=\"elementor-widget-wrap elementor-element-populated\">\n\t\t\t\t\t\t<div class=\"elementor-element elementor-element-1e61d11 elementor-nav-menu__align-center elementor-nav-menu--dropdown-tablet elementor-nav-menu__text-align-aside elementor-nav-menu--toggle elementor-nav-menu--burger elementor-widget elementor-widget-nav-menu\" data-id=\"1e61d11\" data-element_type=\"widget\" data-e-type=\"widget\" data-settings=\"{&quot;layout&quot;:&quot;horizontal&quot;,&quot;submenu_icon&quot;:{&quot;value&quot;:&quot;&lt;i class=\\&quot;fas fa-caret-down\\&quot; aria-hidden=\\&quot;true\\&quot;&gt;&lt;\\\/i&gt;&quot;,&quot;library&quot;:&quot;fa-solid&quot;},&quot;toggle&quot;:&quot;burger&quot;}\" data-widget_type=\"nav-menu.default\">\n\t\t\t\t<div class=\"elementor-widget-container\">\n\t\t\t\t\t\t\t\t<nav aria-label=\"Menu\" class=\"elementor-nav-menu--main elementor-nav-menu__container elementor-nav-menu--layout-horizontal e--pointer-underline e--animation-fade\">\n\t\t\t\t<ul id=\"menu-1-1e61d11\" class=\"elementor-nav-menu\"><li class=\"menu-item menu-item-type-post_type menu-item-object-page menu-item-6564\"><a href=\"https:\/\/hamraenterprises.com\/pt\/joinus\/\" class=\"elementor-item\">Junte-se a n\u00f3s<\/a><\/li>\n<li class=\"menu-item menu-item-type-post_type menu-item-object-page menu-item-6670\"><a href=\"https:\/\/hamraenterprises.com\/pt\/401k\/\" class=\"elementor-item\">401K<\/a><\/li>\n<li class=\"menu-item menu-item-type-post_type menu-item-object-page menu-item-6565\"><a href=\"https:\/\/hamraenterprises.com\/pt\/careerdevelopment\/\" class=\"elementor-item\">Desenvolvimento de carreira<\/a><\/li>\n<li class=\"menu-item menu-item-type-post_type menu-item-object-page menu-item-6650\"><a href=\"https:\/\/hamraenterprises.com\/pt\/manager-bonus-program\/\" class=\"elementor-item\">Programas de b\u00f4nus para gerentes<\/a><\/li>\n<li class=\"menu-item menu-item-type-post_type menu-item-object-page menu-item-6713\"><a href=\"https:\/\/hamraenterprises.com\/pt\/meal-discounts\/\" class=\"elementor-item\">Descontos em refei\u00e7\u00f5es<\/a><\/li>\n<li class=\"menu-item menu-item-type-post_type menu-item-object-page menu-item-6560\"><a href=\"https:\/\/hamraenterprises.com\/pt\/medical-benefits\/\" class=\"elementor-item\">Benef\u00edcios m\u00e9dicos<\/a><\/li>\n<li class=\"menu-item menu-item-type-post_type menu-item-object-page menu-item-6563\"><a href=\"https:\/\/hamraenterprises.com\/pt\/paychecksanddailypay\/\" class=\"elementor-item\">Cheques de pagamento e DailyPay<\/a><\/li>\n<li class=\"menu-item menu-item-type-post_type menu-item-object-page menu-item-6761\"><a href=\"https:\/\/hamraenterprises.com\/pt\/referral-program\/\" class=\"elementor-item\">Programa de indica\u00e7\u00e3o<\/a><\/li>\n<li class=\"menu-item menu-item-type-post_type menu-item-object-page menu-item-6562\"><a href=\"https:\/\/hamraenterprises.com\/pt\/studentresources\/\" class=\"elementor-item\">Recursos para estudantes<\/a><\/li>\n<li class=\"menu-item menu-item-type-post_type menu-item-object-page menu-item-6561\"><a href=\"https:\/\/hamraenterprises.com\/pt\/vacation-sick-time\/\" class=\"elementor-item\">F\u00e9rias e licen\u00e7a m\u00e9dica<\/a><\/li>\n<\/ul>\t\t\t<\/nav>\n\t\t\t\t\t<div class=\"elementor-menu-toggle\" role=\"button\" tabindex=\"0\" aria-label=\"Menu Toggle\" aria-expanded=\"false\">\n\t\t\t<i aria-hidden=\"true\" role=\"presentation\" class=\"elementor-menu-toggle__icon--open eicon-menu-bar\"><\/i><i aria-hidden=\"true\" role=\"presentation\" class=\"elementor-menu-toggle__icon--close eicon-close\"><\/i>\t\t<\/div>\n\t\t\t\t\t<nav class=\"elementor-nav-menu--dropdown elementor-nav-menu__container\" aria-hidden=\"true\">\n\t\t\t\t<ul id=\"menu-2-1e61d11\" class=\"elementor-nav-menu\"><li class=\"menu-item menu-item-type-post_type menu-item-object-page menu-item-6564\"><a href=\"https:\/\/hamraenterprises.com\/pt\/joinus\/\" class=\"elementor-item\" tabindex=\"-1\">Junte-se a n\u00f3s<\/a><\/li>\n<li class=\"menu-item menu-item-type-post_type menu-item-object-page menu-item-6670\"><a href=\"https:\/\/hamraenterprises.com\/pt\/401k\/\" class=\"elementor-item\" tabindex=\"-1\">401K<\/a><\/li>\n<li class=\"menu-item menu-item-type-post_type menu-item-object-page menu-item-6565\"><a href=\"https:\/\/hamraenterprises.com\/pt\/careerdevelopment\/\" class=\"elementor-item\" tabindex=\"-1\">Desenvolvimento de carreira<\/a><\/li>\n<li class=\"menu-item menu-item-type-post_type menu-item-object-page menu-item-6650\"><a href=\"https:\/\/hamraenterprises.com\/pt\/manager-bonus-program\/\" class=\"elementor-item\" tabindex=\"-1\">Programas de b\u00f4nus para gerentes<\/a><\/li>\n<li class=\"menu-item menu-item-type-post_type menu-item-object-page menu-item-6713\"><a href=\"https:\/\/hamraenterprises.com\/pt\/meal-discounts\/\" class=\"elementor-item\" tabindex=\"-1\">Descontos em refei\u00e7\u00f5es<\/a><\/li>\n<li class=\"menu-item menu-item-type-post_type menu-item-object-page menu-item-6560\"><a href=\"https:\/\/hamraenterprises.com\/pt\/medical-benefits\/\" class=\"elementor-item\" tabindex=\"-1\">Benef\u00edcios m\u00e9dicos<\/a><\/li>\n<li class=\"menu-item menu-item-type-post_type menu-item-object-page menu-item-6563\"><a href=\"https:\/\/hamraenterprises.com\/pt\/paychecksanddailypay\/\" class=\"elementor-item\" tabindex=\"-1\">Cheques de pagamento e DailyPay<\/a><\/li>\n<li class=\"menu-item menu-item-type-post_type menu-item-object-page menu-item-6761\"><a href=\"https:\/\/hamraenterprises.com\/pt\/referral-program\/\" class=\"elementor-item\" tabindex=\"-1\">Programa de indica\u00e7\u00e3o<\/a><\/li>\n<li class=\"menu-item menu-item-type-post_type menu-item-object-page menu-item-6562\"><a href=\"https:\/\/hamraenterprises.com\/pt\/studentresources\/\" class=\"elementor-item\" tabindex=\"-1\">Recursos para estudantes<\/a><\/li>\n<li class=\"menu-item menu-item-type-post_type menu-item-object-page menu-item-6561\"><a href=\"https:\/\/hamraenterprises.com\/pt\/vacation-sick-time\/\" class=\"elementor-item\" tabindex=\"-1\">F\u00e9rias e licen\u00e7a m\u00e9dica<\/a><\/li>\n<\/ul>\t\t\t<\/nav>\n\t\t\t\t\t\t<\/div>\n\t\t\t\t<\/div>\n\t\t\t\t\t<\/div>\n\t\t<\/div>\n\t\t\t\t\t<\/div>\n\t\t<\/section>\n\t\t\t\t<section class=\"elementor-section elementor-top-section elementor-element elementor-element-68a8f54 elementor-section-boxed elementor-section-height-default elementor-section-height-default\" data-id=\"68a8f54\" data-element_type=\"section\" data-e-type=\"section\">\n\t\t\t\t\t\t<div class=\"elementor-container elementor-column-gap-default\">\n\t\t\t\t\t<div class=\"elementor-column elementor-col-100 elementor-top-column elementor-element elementor-element-5a5c45c\" data-id=\"5a5c45c\" data-element_type=\"column\" data-e-type=\"column\">\n\t\t\t<div class=\"elementor-widget-wrap elementor-element-populated\">\n\t\t\t\t\t\t<div class=\"elementor-element elementor-element-caeb4ca elementor-widget-divider--view-line elementor-widget elementor-widget-divider\" data-id=\"caeb4ca\" data-element_type=\"widget\" data-e-type=\"widget\" data-widget_type=\"divider.default\">\n\t\t\t\t<div class=\"elementor-widget-container\">\n\t\t\t\t\t\t\t<div class=\"elementor-divider\">\n\t\t\t<span class=\"elementor-divider-separator\">\n\t\t\t\t\t\t<\/span>\n\t\t<\/div>\n\t\t\t\t\t\t<\/div>\n\t\t\t\t<\/div>\n\t\t\t\t\t<\/div>\n\t\t<\/div>\n\t\t\t\t\t<\/div>\n\t\t<\/section>\n\t\t\t\t<section class=\"elementor-section elementor-top-section elementor-element elementor-element-07259d4 elementor-section-boxed elementor-section-height-default elementor-section-height-default\" data-id=\"07259d4\" data-element_type=\"section\" data-e-type=\"section\">\n\t\t\t\t\t\t<div class=\"elementor-container elementor-column-gap-default\">\n\t\t\t\t\t<div class=\"elementor-column elementor-col-100 elementor-top-column elementor-element elementor-element-8286f1d\" data-id=\"8286f1d\" data-element_type=\"column\" data-e-type=\"column\">\n\t\t\t<div class=\"elementor-widget-wrap elementor-element-populated\">\n\t\t\t\t\t\t<div class=\"elementor-element elementor-element-fcc1405 elementor-tabs-view-horizontal elementor-widget elementor-widget-tabs\" data-id=\"fcc1405\" data-element_type=\"widget\" data-e-type=\"widget\" data-widget_type=\"tabs.default\">\n\t\t\t\t<div class=\"elementor-widget-container\">\n\t\t\t\t\t\t\t<div class=\"elementor-tabs\">\n\t\t\t<div class=\"elementor-tabs-wrapper\" role=\"tablist\" >\n\t\t\t\t\t\t\t\t\t<div id=\"elementor-tab-title-2651\" class=\"elementor-tab-title elementor-tab-desktop-title\" aria-selected=\"true\" data-tab=\"1\" role=\"tab\" tabindex=\"0\" aria-controls=\"elementor-tab-content-2651\" aria-expanded=\"false\">Noodles &amp; Company<\/div>\n\t\t\t\t\t\t\t\t\t<div id=\"elementor-tab-title-2652\" class=\"elementor-tab-title elementor-tab-desktop-title\" aria-selected=\"false\" data-tab=\"2\" role=\"tab\" tabindex=\"-1\" aria-controls=\"elementor-tab-content-2652\" aria-expanded=\"false\">Panera Bread<\/div>\n\t\t\t\t\t\t\t\t\t<div id=\"elementor-tab-title-2653\" class=\"elementor-tab-title elementor-tab-desktop-title\" aria-selected=\"false\" data-tab=\"3\" role=\"tab\" tabindex=\"-1\" aria-controls=\"elementor-tab-content-2653\" aria-expanded=\"false\">Wendy's<\/div>\n\t\t\t\t\t\t\t<\/div>\n\t\t\t<div class=\"elementor-tabs-content-wrapper\" role=\"tablist\" aria-orientation=\"vertical\">\n\t\t\t\t\t\t\t\t\t<div class=\"elementor-tab-title elementor-tab-mobile-title\" aria-selected=\"true\" data-tab=\"1\" role=\"tab\" tabindex=\"0\" aria-controls=\"elementor-tab-content-2651\" aria-expanded=\"false\">Noodles &amp; Company<\/div>\n\t\t\t\t\t<div id=\"elementor-tab-content-2651\" class=\"elementor-tab-content elementor-clearfix\" data-tab=\"1\" role=\"tabpanel\" aria-labelledby=\"elementor-tab-title-2651\" tabindex=\"0\" hidden=\"false\"><p><a href=\"https:\/\/i0.wp.com\/hamraenterprises.com\/wp-content\/uploads\/2025\/01\/Noodles-Career-Path-12.18.2024-2.png?ssl=1\"><img fetchpriority=\"high\" decoding=\"async\" data-recalc-dims=\"1\" class=\"aligncenter wp-image-6326 size-full\" src=\"https:\/\/i0.wp.com\/hamraenterprises.com\/wp-content\/uploads\/2025\/01\/Noodles-Career-Path-12.18.2024-2.png?resize=1220%2C1885&#038;ssl=1\" alt=\"Hamra Noodles &amp; Company Career Path\" width=\"1220\" height=\"1885\" srcset=\"https:\/\/i0.wp.com\/hamraenterprises.com\/wp-content\/uploads\/2025\/01\/Noodles-Career-Path-12.18.2024-2.png?w=3300&amp;ssl=1 3300w, https:\/\/i0.wp.com\/hamraenterprises.com\/wp-content\/uploads\/2025\/01\/Noodles-Career-Path-12.18.2024-2.png?resize=324%2C500&amp;ssl=1 324w, https:\/\/i0.wp.com\/hamraenterprises.com\/wp-content\/uploads\/2025\/01\/Noodles-Career-Path-12.18.2024-2.png?resize=776%2C1200&amp;ssl=1 776w, https:\/\/i0.wp.com\/hamraenterprises.com\/wp-content\/uploads\/2025\/01\/Noodles-Career-Path-12.18.2024-2.png?resize=194%2C300&amp;ssl=1 194w, https:\/\/i0.wp.com\/hamraenterprises.com\/wp-content\/uploads\/2025\/01\/Noodles-Career-Path-12.18.2024-2.png?resize=768%2C1187&amp;ssl=1 768w, https:\/\/i0.wp.com\/hamraenterprises.com\/wp-content\/uploads\/2025\/01\/Noodles-Career-Path-12.18.2024-2.png?resize=994%2C1536&amp;ssl=1 994w, https:\/\/i0.wp.com\/hamraenterprises.com\/wp-content\/uploads\/2025\/01\/Noodles-Career-Path-12.18.2024-2.png?resize=1325%2C2048&amp;ssl=1 1325w, https:\/\/i0.wp.com\/hamraenterprises.com\/wp-content\/uploads\/2025\/01\/Noodles-Career-Path-12.18.2024-2.png?resize=49%2C75&amp;ssl=1 49w, https:\/\/i0.wp.com\/hamraenterprises.com\/wp-content\/uploads\/2025\/01\/Noodles-Career-Path-12.18.2024-2.png?w=2440&amp;ssl=1 2440w\" sizes=\"(max-width:767px) 480px, (max-width:1220px) 100vw, 1220px\" \/><\/a><\/p><\/div>\n\t\t\t\t\t\t\t\t\t<div class=\"elementor-tab-title elementor-tab-mobile-title\" aria-selected=\"false\" data-tab=\"2\" role=\"tab\" tabindex=\"-1\" aria-controls=\"elementor-tab-content-2652\" aria-expanded=\"false\">Panera Bread<\/div>\n\t\t\t\t\t<div id=\"elementor-tab-content-2652\" class=\"elementor-tab-content elementor-clearfix\" data-tab=\"2\" role=\"tabpanel\" aria-labelledby=\"elementor-tab-title-2652\" tabindex=\"0\" hidden=\"hidden\"><p><a href=\"https:\/\/i0.wp.com\/hamraenterprises.com\/wp-content\/uploads\/2025\/01\/Panera-Career-Path-12.17.2024.png?ssl=1\"><img decoding=\"async\" data-recalc-dims=\"1\" class=\"alignnone wp-image-6323 size-full\" src=\"https:\/\/i0.wp.com\/hamraenterprises.com\/wp-content\/uploads\/2025\/01\/Panera-Career-Path-12.17.2024.png?resize=1220%2C1885&#038;ssl=1\" alt=\"Hamra Panera Bread Career Path\" width=\"1220\" height=\"1885\" srcset=\"https:\/\/i0.wp.com\/hamraenterprises.com\/wp-content\/uploads\/2025\/01\/Panera-Career-Path-12.17.2024.png?w=3300&amp;ssl=1 3300w, https:\/\/i0.wp.com\/hamraenterprises.com\/wp-content\/uploads\/2025\/01\/Panera-Career-Path-12.17.2024.png?resize=324%2C500&amp;ssl=1 324w, https:\/\/i0.wp.com\/hamraenterprises.com\/wp-content\/uploads\/2025\/01\/Panera-Career-Path-12.17.2024.png?resize=776%2C1200&amp;ssl=1 776w, https:\/\/i0.wp.com\/hamraenterprises.com\/wp-content\/uploads\/2025\/01\/Panera-Career-Path-12.17.2024.png?resize=194%2C300&amp;ssl=1 194w, https:\/\/i0.wp.com\/hamraenterprises.com\/wp-content\/uploads\/2025\/01\/Panera-Career-Path-12.17.2024.png?resize=768%2C1187&amp;ssl=1 768w, https:\/\/i0.wp.com\/hamraenterprises.com\/wp-content\/uploads\/2025\/01\/Panera-Career-Path-12.17.2024.png?resize=994%2C1536&amp;ssl=1 994w, https:\/\/i0.wp.com\/hamraenterprises.com\/wp-content\/uploads\/2025\/01\/Panera-Career-Path-12.17.2024.png?resize=1325%2C2048&amp;ssl=1 1325w, https:\/\/i0.wp.com\/hamraenterprises.com\/wp-content\/uploads\/2025\/01\/Panera-Career-Path-12.17.2024.png?resize=49%2C75&amp;ssl=1 49w, https:\/\/i0.wp.com\/hamraenterprises.com\/wp-content\/uploads\/2025\/01\/Panera-Career-Path-12.17.2024.png?w=2440&amp;ssl=1 2440w\" sizes=\"(max-width:767px) 480px, (max-width:1220px) 100vw, 1220px\" \/><\/a><\/p><\/div>\n\t\t\t\t\t\t\t\t\t<div class=\"elementor-tab-title elementor-tab-mobile-title\" aria-selected=\"false\" data-tab=\"3\" role=\"tab\" tabindex=\"-1\" aria-controls=\"elementor-tab-content-2653\" aria-expanded=\"false\">Wendy's<\/div>\n\t\t\t\t\t<div id=\"elementor-tab-content-2653\" class=\"elementor-tab-content elementor-clearfix\" data-tab=\"3\" role=\"tabpanel\" aria-labelledby=\"elementor-tab-title-2653\" tabindex=\"0\" hidden=\"hidden\"><p><a href=\"https:\/\/i0.wp.com\/hamraenterprises.com\/wp-content\/uploads\/2025\/01\/Wendys-Career-Path-12.17.2024.png?ssl=1\"><img decoding=\"async\" data-recalc-dims=\"1\" class=\"aligncenter wp-image-6324 size-full\" src=\"https:\/\/i0.wp.com\/hamraenterprises.com\/wp-content\/uploads\/2025\/01\/Wendys-Career-Path-12.17.2024.png?resize=1220%2C1885&#038;ssl=1\" alt=\"Hamra Wendys Career Path\" width=\"1220\" height=\"1885\" srcset=\"https:\/\/i0.wp.com\/hamraenterprises.com\/wp-content\/uploads\/2025\/01\/Wendys-Career-Path-12.17.2024.png?w=3300&amp;ssl=1 3300w, https:\/\/i0.wp.com\/hamraenterprises.com\/wp-content\/uploads\/2025\/01\/Wendys-Career-Path-12.17.2024.png?resize=324%2C500&amp;ssl=1 324w, https:\/\/i0.wp.com\/hamraenterprises.com\/wp-content\/uploads\/2025\/01\/Wendys-Career-Path-12.17.2024.png?resize=776%2C1200&amp;ssl=1 776w, https:\/\/i0.wp.com\/hamraenterprises.com\/wp-content\/uploads\/2025\/01\/Wendys-Career-Path-12.17.2024.png?resize=194%2C300&amp;ssl=1 194w, https:\/\/i0.wp.com\/hamraenterprises.com\/wp-content\/uploads\/2025\/01\/Wendys-Career-Path-12.17.2024.png?resize=768%2C1187&amp;ssl=1 768w, https:\/\/i0.wp.com\/hamraenterprises.com\/wp-content\/uploads\/2025\/01\/Wendys-Career-Path-12.17.2024.png?resize=994%2C1536&amp;ssl=1 994w, https:\/\/i0.wp.com\/hamraenterprises.com\/wp-content\/uploads\/2025\/01\/Wendys-Career-Path-12.17.2024.png?resize=1325%2C2048&amp;ssl=1 1325w, https:\/\/i0.wp.com\/hamraenterprises.com\/wp-content\/uploads\/2025\/01\/Wendys-Career-Path-12.17.2024.png?resize=49%2C75&amp;ssl=1 49w, https:\/\/i0.wp.com\/hamraenterprises.com\/wp-content\/uploads\/2025\/01\/Wendys-Career-Path-12.17.2024.png?w=2440&amp;ssl=1 2440w\" sizes=\"(max-width:767px) 480px, (max-width:1220px) 100vw, 1220px\" \/><\/a><\/p><\/div>\n\t\t\t\t\t\t\t<\/div>\n\t\t<\/div>\n\t\t\t\t\t\t<\/div>\n\t\t\t\t<\/div>\n\t\t\t\t\t<\/div>\n\t\t<\/div>\n\t\t\t\t\t<\/div>\n\t\t<\/section>\n\t\t\t\t<section class=\"elementor-section elementor-top-section elementor-element elementor-element-b9cc619 elementor-section-boxed elementor-section-height-default elementor-section-height-default\" data-id=\"b9cc619\" data-element_type=\"section\" data-e-type=\"section\">\n\t\t\t\t\t\t<div class=\"elementor-container elementor-column-gap-default\">\n\t\t\t\t\t<div class=\"elementor-column elementor-col-100 elementor-top-column elementor-element elementor-element-8eff0e8\" data-id=\"8eff0e8\" data-element_type=\"column\" data-e-type=\"column\">\n\t\t\t<div class=\"elementor-widget-wrap elementor-element-populated\">\n\t\t\t\t\t\t<div class=\"elementor-element elementor-element-ade84ed elementor-widget elementor-widget-spacer\" data-id=\"ade84ed\" data-element_type=\"widget\" data-e-type=\"widget\" data-widget_type=\"spacer.default\">\n\t\t\t\t<div class=\"elementor-widget-container\">\n\t\t\t\t\t\t\t<div class=\"elementor-spacer\">\n\t\t\t<div class=\"elementor-spacer-inner\"><\/div>\n\t\t<\/div>\n\t\t\t\t\t\t<\/div>\n\t\t\t\t<\/div>\n\t\t\t\t<div class=\"elementor-element elementor-element-fad7f5d elementor-widget-divider--view-line elementor-widget elementor-widget-divider\" data-id=\"fad7f5d\" data-element_type=\"widget\" data-e-type=\"widget\" data-widget_type=\"divider.default\">\n\t\t\t\t<div class=\"elementor-widget-container\">\n\t\t\t\t\t\t\t<div class=\"elementor-divider\">\n\t\t\t<span class=\"elementor-divider-separator\">\n\t\t\t\t\t\t<\/span>\n\t\t<\/div>\n\t\t\t\t\t\t<\/div>\n\t\t\t\t<\/div>\n\t\t\t\t\t<\/div>\n\t\t<\/div>\n\t\t\t\t\t<\/div>\n\t\t<\/section>\n\t\t\t\t<section class=\"elementor-section elementor-top-section elementor-element elementor-element-4a32ba5 elementor-section-boxed elementor-section-height-default elementor-section-height-default\" data-id=\"4a32ba5\" data-element_type=\"section\" data-e-type=\"section\">\n\t\t\t\t\t\t<div class=\"elementor-container elementor-column-gap-default\">\n\t\t\t\t\t<div class=\"elementor-column elementor-col-100 elementor-top-column elementor-element elementor-element-bc48741\" data-id=\"bc48741\" data-element_type=\"column\" data-e-type=\"column\">\n\t\t\t<div class=\"elementor-widget-wrap\">\n\t\t\t\t\t\t\t<\/div>\n\t\t<\/div>\n\t\t\t\t\t<\/div>\n\t\t<\/section>\n\t\t\t\t<\/div>","protected":false},"excerpt":{"rendered":"<p>Noodles &#038; Company Panera Bread Wendy&#8217;s Noodles &#038; Company Panera Bread Wendy&#8217;s<\/p>","protected":false},"author":2,"featured_media":0,"parent":0,"menu_order":0,"comment_status":"closed","ping_status":"closed","template":"","meta":{"footnotes":""},"class_list":["post-6321","page","type-page","status-publish","hentry"],"acf":[],"yoast_head":"<!-- This site is optimized with the Yoast SEO plugin v27.4 - https:\/\/yoast.com\/product\/yoast-seo-wordpress\/ -->\n<title>Career Development - HAMRA<\/title>\n<meta name=\"robots\" content=\"index, follow, max-snippet:-1, max-image-preview:large, max-video-preview:-1\" \/>\n<link rel=\"canonical\" href=\"https:\/\/hamraenterprises.com\/pt\/careerdevelopment\/\" \/>\n<meta property=\"og:locale\" content=\"pt_BR\" \/>\n<meta property=\"og:type\" content=\"article\" \/>\n<meta property=\"og:title\" content=\"Career Development - HAMRA\" \/>\n<meta property=\"og:description\" content=\"Noodles &#038; Company Panera Bread Wendy&#8217;s Noodles &#038; Company Panera Bread Wendy&#8217;s\" \/>\n<meta property=\"og:url\" content=\"https:\/\/hamraenterprises.com\/pt\/careerdevelopment\/\" \/>\n<meta property=\"og:site_name\" content=\"HAMRA\" \/>\n<meta property=\"article:modified_time\" content=\"2025-02-12T22:56:28+00:00\" \/>\n<meta property=\"og:image\" content=\"https:\/\/i0.wp.com\/hamraenterprises.com\/wp-content\/uploads\/2025\/01\/Noodles-Career-Path-12.18.2024-2.png?resize=1220%2C1885&#038;ssl=1\" \/>\n<meta name=\"twitter:card\" content=\"summary_large_image\" \/>\n<meta name=\"twitter:label1\" content=\"Est. reading time\" \/>\n\t<meta name=\"twitter:data1\" content=\"1 minuto\" \/>\n<script type=\"application\/ld+json\" class=\"yoast-schema-graph\">{\"@context\":\"https:\\\/\\\/schema.org\",\"@graph\":[{\"@type\":\"WebPage\",\"@id\":\"https:\\\/\\\/hamraenterprises.com\\\/careerdevelopment\\\/\",\"url\":\"https:\\\/\\\/hamraenterprises.com\\\/careerdevelopment\\\/\",\"name\":\"Career Development - HAMRA\",\"isPartOf\":{\"@id\":\"https:\\\/\\\/hamraenterprises.com\\\/#website\"},\"primaryImageOfPage\":{\"@id\":\"https:\\\/\\\/hamraenterprises.com\\\/careerdevelopment\\\/#primaryimage\"},\"image\":{\"@id\":\"https:\\\/\\\/hamraenterprises.com\\\/careerdevelopment\\\/#primaryimage\"},\"thumbnailUrl\":\"https:\\\/\\\/i0.wp.com\\\/hamraenterprises.com\\\/wp-content\\\/uploads\\\/2025\\\/01\\\/Noodles-Career-Path-12.18.2024-2.png?resize=1220%2C1885&#038;ssl=1\",\"datePublished\":\"2025-01-02T20:24:55+00:00\",\"dateModified\":\"2025-02-12T22:56:28+00:00\",\"breadcrumb\":{\"@id\":\"https:\\\/\\\/hamraenterprises.com\\\/careerdevelopment\\\/#breadcrumb\"},\"inLanguage\":\"pt-BR\",\"potentialAction\":[{\"@type\":\"ReadAction\",\"target\":[\"https:\\\/\\\/hamraenterprises.com\\\/careerdevelopment\\\/\"]}]},{\"@type\":\"ImageObject\",\"inLanguage\":\"pt-BR\",\"@id\":\"https:\\\/\\\/hamraenterprises.com\\\/careerdevelopment\\\/#primaryimage\",\"url\":\"https:\\\/\\\/i0.wp.com\\\/hamraenterprises.com\\\/wp-content\\\/uploads\\\/2025\\\/01\\\/Noodles-Career-Path-12.18.2024-2.png?resize=1220%2C1885&#038;ssl=1\",\"contentUrl\":\"https:\\\/\\\/i0.wp.com\\\/hamraenterprises.com\\\/wp-content\\\/uploads\\\/2025\\\/01\\\/Noodles-Career-Path-12.18.2024-2.png?resize=1220%2C1885&#038;ssl=1\"},{\"@type\":\"BreadcrumbList\",\"@id\":\"https:\\\/\\\/hamraenterprises.com\\\/careerdevelopment\\\/#breadcrumb\",\"itemListElement\":[{\"@type\":\"ListItem\",\"position\":1,\"name\":\"Home\",\"item\":\"https:\\\/\\\/hamraenterprises.com\\\/\"},{\"@type\":\"ListItem\",\"position\":2,\"name\":\"Career Development\"}]},{\"@type\":\"WebSite\",\"@id\":\"https:\\\/\\\/hamraenterprises.com\\\/#website\",\"url\":\"https:\\\/\\\/hamraenterprises.com\\\/\",\"name\":\"HAMRA\",\"description\":\"Hamra Enterprises\",\"potentialAction\":[{\"@type\":\"SearchAction\",\"target\":{\"@type\":\"EntryPoint\",\"urlTemplate\":\"https:\\\/\\\/hamraenterprises.com\\\/?s={search_term_string}\"},\"query-input\":{\"@type\":\"PropertyValueSpecification\",\"valueRequired\":true,\"valueName\":\"search_term_string\"}}],\"inLanguage\":\"pt-BR\"}]}<\/script>\n<!-- \/ Yoast SEO plugin. -->","yoast_head_json":{"title":"Career Development - HAMRA","robots":{"index":"index","follow":"follow","max-snippet":"max-snippet:-1","max-image-preview":"max-image-preview:large","max-video-preview":"max-video-preview:-1"},"canonical":"https:\/\/hamraenterprises.com\/pt\/careerdevelopment\/","og_locale":"pt_BR","og_type":"article","og_title":"Career Development - HAMRA","og_description":"Noodles &#038; Company Panera Bread Wendy&#8217;s Noodles &#038; Company Panera Bread Wendy&#8217;s","og_url":"https:\/\/hamraenterprises.com\/pt\/careerdevelopment\/","og_site_name":"HAMRA","article_modified_time":"2025-02-12T22:56:28+00:00","og_image":[{"url":"https:\/\/i0.wp.com\/hamraenterprises.com\/wp-content\/uploads\/2025\/01\/Noodles-Career-Path-12.18.2024-2.png?resize=1220%2C1885&#038;ssl=1","type":"","width":"","height":""}],"twitter_card":"summary_large_image","twitter_misc":{"Est. reading time":"1 minuto"},"schema":{"@context":"https:\/\/schema.org","@graph":[{"@type":"WebPage","@id":"https:\/\/hamraenterprises.com\/careerdevelopment\/","url":"https:\/\/hamraenterprises.com\/careerdevelopment\/","name":"Career Development - HAMRA","isPartOf":{"@id":"https:\/\/hamraenterprises.com\/#website"},"primaryImageOfPage":{"@id":"https:\/\/hamraenterprises.com\/careerdevelopment\/#primaryimage"},"image":{"@id":"https:\/\/hamraenterprises.com\/careerdevelopment\/#primaryimage"},"thumbnailUrl":"https:\/\/i0.wp.com\/hamraenterprises.com\/wp-content\/uploads\/2025\/01\/Noodles-Career-Path-12.18.2024-2.png?resize=1220%2C1885&#038;ssl=1","datePublished":"2025-01-02T20:24:55+00:00","dateModified":"2025-02-12T22:56:28+00:00","breadcrumb":{"@id":"https:\/\/hamraenterprises.com\/careerdevelopment\/#breadcrumb"},"inLanguage":"pt-BR","potentialAction":[{"@type":"ReadAction","target":["https:\/\/hamraenterprises.com\/careerdevelopment\/"]}]},{"@type":"ImageObject","inLanguage":"pt-BR","@id":"https:\/\/hamraenterprises.com\/careerdevelopment\/#primaryimage","url":"https:\/\/i0.wp.com\/hamraenterprises.com\/wp-content\/uploads\/2025\/01\/Noodles-Career-Path-12.18.2024-2.png?resize=1220%2C1885&#038;ssl=1","contentUrl":"https:\/\/i0.wp.com\/hamraenterprises.com\/wp-content\/uploads\/2025\/01\/Noodles-Career-Path-12.18.2024-2.png?resize=1220%2C1885&#038;ssl=1"},{"@type":"BreadcrumbList","@id":"https:\/\/hamraenterprises.com\/careerdevelopment\/#breadcrumb","itemListElement":[{"@type":"ListItem","position":1,"name":"Home","item":"https:\/\/hamraenterprises.com\/"},{"@type":"ListItem","position":2,"name":"Career Development"}]},{"@type":"WebSite","@id":"https:\/\/hamraenterprises.com\/#website","url":"https:\/\/hamraenterprises.com\/","name":"HAMRA","description":"Hamra Enterprises","potentialAction":[{"@type":"SearchAction","target":{"@type":"EntryPoint","urlTemplate":"https:\/\/hamraenterprises.com\/?s={search_term_string}"},"query-input":{"@type":"PropertyValueSpecification","valueRequired":true,"valueName":"search_term_string"}}],"inLanguage":"pt-BR"}]}},"jetpack_sharing_enabled":true,"_links":{"self":[{"href":"https:\/\/hamraenterprises.com\/pt\/wp-json\/wp\/v2\/pages\/6321","targetHints":{"allow":["GET"]}}],"collection":[{"href":"https:\/\/hamraenterprises.com\/pt\/wp-json\/wp\/v2\/pages"}],"about":[{"href":"https:\/\/hamraenterprises.com\/pt\/wp-json\/wp\/v2\/types\/page"}],"author":[{"embeddable":true,"href":"https:\/\/hamraenterprises.com\/pt\/wp-json\/wp\/v2\/users\/2"}],"replies":[{"embeddable":true,"href":"https:\/\/hamraenterprises.com\/pt\/wp-json\/wp\/v2\/comments?post=6321"}],"version-history":[{"count":61,"href":"https:\/\/hamraenterprises.com\/pt\/wp-json\/wp\/v2\/pages\/6321\/revisions"}],"predecessor-version":[{"id":7132,"href":"https:\/\/hamraenterprises.com\/pt\/wp-json\/wp\/v2\/pages\/6321\/revisions\/7132"}],"wp:attachment":[{"href":"https:\/\/hamraenterprises.com\/pt\/wp-json\/wp\/v2\/media?parent=6321"}],"curies":[{"name":"wp","href":"https:\/\/api.w.org\/{rel}","templated":true}]}}