{"id":2975,"date":"2024-01-22T13:46:51","date_gmt":"2024-01-22T13:46:51","guid":{"rendered":"http:\/\/hamraenterprises.com\/?page_id=2975"},"modified":"2024-01-28T11:27:07","modified_gmt":"2024-01-28T11:27:07","slug":"accessibility-statement","status":"publish","type":"page","link":"https:\/\/hamraenterprises.com\/pt\/accessibility-statement\/","title":{"rendered":"Declara\u00e7\u00e3o de acessibilidade"},"content":{"rendered":"<div data-elementor-type=\"wp-page\" data-elementor-id=\"2975\" class=\"elementor elementor-2975\" data-elementor-post-type=\"page\">\n\t\t\t\t\t\t<section class=\"elementor-section elementor-top-section elementor-element elementor-element-76834aa elementor-section-stretched elementor-section-boxed elementor-section-height-default elementor-section-height-default\" data-id=\"76834aa\" data-element_type=\"section\" data-e-type=\"section\" data-settings=\"{&quot;stretch_section&quot;:&quot;section-stretched&quot;}\">\n\t\t\t\t\t\t<div class=\"elementor-container elementor-column-gap-wider\">\n\t\t\t\t\t<div class=\"elementor-column elementor-col-100 elementor-top-column elementor-element elementor-element-a7bd1d9\" data-id=\"a7bd1d9\" data-element_type=\"column\" data-e-type=\"column\">\n\t\t\t<div class=\"elementor-widget-wrap elementor-element-populated\">\n\t\t\t\t\t\t<div class=\"elementor-element elementor-element-995c69f elementor-widget elementor-widget-heading\" data-id=\"995c69f\" data-element_type=\"widget\" data-e-type=\"widget\" data-widget_type=\"heading.default\">\n\t\t\t\t<div class=\"elementor-widget-container\">\n\t\t\t\t\t<h2 class=\"elementor-heading-title elementor-size-default\">Declara\u00e7\u00e3o de acessibilidade do site da Hamra Enterprises<\/h2>\t\t\t\t<\/div>\n\t\t\t\t<\/div>\n\t\t\t\t<div class=\"elementor-element elementor-element-02d3394 elementor-widget elementor-widget-text-editor\" data-id=\"02d3394\" data-element_type=\"widget\" data-e-type=\"widget\" data-widget_type=\"text-editor.default\">\n\t\t\t\t<div class=\"elementor-widget-container\">\n\t\t\t\t\t\t\t\t\t<p>A Hamra Enterprises, LLC tem o compromisso de facilitar a acessibilidade e a usabilidade de seu site, hamraenterprises.com, para todos. A Hamra Enterprises, LLC tem como objetivo cumprir todas as normas aplic\u00e1veis, incluindo as Diretrizes de Acessibilidade de Conte\u00fado da Web 2.0 do Cons\u00f3rcio World Wide Web at\u00e9 o N\u00edvel AA (WCAG 2.0 AA), na medida exigida pela Lei dos Americanos Portadores de Defici\u00eancia.  A Hamra Enterprises, LLC se orgulha dos esfor\u00e7os que realizamos e que est\u00e3o em andamento para garantir que nosso site seja acess\u00edvel a todos.\u00a0<\/p><p>Se tiver alguma dificuldade para acessar qualquer parte deste site, envie-nos um e-mail para\u00a0<a title=\"mailto:accessibility@teamhamra.com\" href=\"mailto:accessibility@teamhamra.com\" data-linkindex=\"0\">accessibility@teamhamra.com<\/a>\u00a0ou envie-nos uma solicita\u00e7\u00e3o para Hamra Website Accessibility Request em Hamra Enterprises, LLC, 1855 S<b>.<\/b>\u00a0Ingram Mill Rd<b>.<\/b>, Springfield, Missouri 65804. Envidaremos todos os esfor\u00e7os razo\u00e1veis para fornecer as informa\u00e7\u00f5es, o item ou a transa\u00e7\u00e3o que voc\u00ea procura por meio de um m\u00e9todo de comunica\u00e7\u00e3o alternativo que seja acess\u00edvel a voc\u00ea e compat\u00edvel com a legisla\u00e7\u00e3o aplic\u00e1vel (por exemplo, por meio de suporte por telefone ou correio).<\/p><p>Nosso site pode conter links para sites hospedados por terceiros.  A Hamra Enterprises, LLC n\u00e3o faz reivindica\u00e7\u00f5es com rela\u00e7\u00e3o \u00e0 acessibilidade de sites de terceiros e n\u00e3o \u00e9 capaz de fazer acomoda\u00e7\u00f5es nesses sites.<\/p>\t\t\t\t\t\t\t\t<\/div>\n\t\t\t\t<\/div>\n\t\t\t\t\t<\/div>\n\t\t<\/div>\n\t\t\t\t\t<\/div>\n\t\t<\/section>\n\t\t\t\t<\/div>","protected":false},"excerpt":{"rendered":"<p>Hamra Enterprises Website Accessibility Statement Hamra Enterprises, LLC is committed to facilitating the\u00a0accessibility\u00a0and usability of its website,\u00a0hamraenterprises.com, for everyone. Hamra Enterprises, LLC aims to comply with<span class=\"excerpt-hellip\"> [\u2026]<\/span><\/p>\n","protected":false},"author":1,"featured_media":0,"parent":0,"menu_order":0,"comment_status":"open","ping_status":"closed","template":"","meta":{"footnotes":""},"class_list":["post-2975","page","type-page","status-publish","hentry"],"acf":[],"yoast_head":"<!-- This site is optimized with the Yoast SEO plugin v27.4 - https:\/\/yoast.com\/product\/yoast-seo-wordpress\/ -->\n<title>Accessibility Statement - HAMRA<\/title>\n<meta name=\"robots\" content=\"index, follow, max-snippet:-1, max-image-preview:large, max-video-preview:-1\" \/>\n<link rel=\"canonical\" href=\"https:\/\/hamraenterprises.com\/pt\/accessibility-statement\/\" \/>\n<meta property=\"og:locale\" content=\"pt_BR\" \/>\n<meta property=\"og:type\" content=\"article\" \/>\n<meta property=\"og:title\" content=\"Accessibility Statement - HAMRA\" \/>\n<meta property=\"og:description\" content=\"Hamra Enterprises Website Accessibility Statement Hamra Enterprises, LLC is committed to facilitating the\u00a0accessibility\u00a0and usability of its website,\u00a0hamraenterprises.com, for everyone. Hamra Enterprises, LLC aims to comply with [\u2026]\" \/>\n<meta property=\"og:url\" content=\"https:\/\/hamraenterprises.com\/pt\/accessibility-statement\/\" \/>\n<meta property=\"og:site_name\" content=\"HAMRA\" \/>\n<meta property=\"article:modified_time\" content=\"2024-01-28T11:27:07+00:00\" \/>\n<meta name=\"twitter:card\" content=\"summary_large_image\" \/>\n<meta name=\"twitter:label1\" content=\"Est. reading time\" \/>\n\t<meta name=\"twitter:data1\" content=\"1 minuto\" \/>\n<script type=\"application\/ld+json\" class=\"yoast-schema-graph\">{\"@context\":\"https:\\\/\\\/schema.org\",\"@graph\":[{\"@type\":\"WebPage\",\"@id\":\"https:\\\/\\\/hamraenterprises.com\\\/accessibility-statement\\\/\",\"url\":\"https:\\\/\\\/hamraenterprises.com\\\/accessibility-statement\\\/\",\"name\":\"Accessibility Statement - HAMRA\",\"isPartOf\":{\"@id\":\"https:\\\/\\\/hamraenterprises.com\\\/#website\"},\"datePublished\":\"2024-01-22T13:46:51+00:00\",\"dateModified\":\"2024-01-28T11:27:07+00:00\",\"breadcrumb\":{\"@id\":\"https:\\\/\\\/hamraenterprises.com\\\/accessibility-statement\\\/#breadcrumb\"},\"inLanguage\":\"pt-BR\",\"potentialAction\":[{\"@type\":\"ReadAction\",\"target\":[\"https:\\\/\\\/hamraenterprises.com\\\/accessibility-statement\\\/\"]}]},{\"@type\":\"BreadcrumbList\",\"@id\":\"https:\\\/\\\/hamraenterprises.com\\\/accessibility-statement\\\/#breadcrumb\",\"itemListElement\":[{\"@type\":\"ListItem\",\"position\":1,\"name\":\"Home\",\"item\":\"https:\\\/\\\/hamraenterprises.com\\\/\"},{\"@type\":\"ListItem\",\"position\":2,\"name\":\"Accessibility Statement\"}]},{\"@type\":\"WebSite\",\"@id\":\"https:\\\/\\\/hamraenterprises.com\\\/#website\",\"url\":\"https:\\\/\\\/hamraenterprises.com\\\/\",\"name\":\"HAMRA\",\"description\":\"Hamra Enterprises\",\"potentialAction\":[{\"@type\":\"SearchAction\",\"target\":{\"@type\":\"EntryPoint\",\"urlTemplate\":\"https:\\\/\\\/hamraenterprises.com\\\/?s={search_term_string}\"},\"query-input\":{\"@type\":\"PropertyValueSpecification\",\"valueRequired\":true,\"valueName\":\"search_term_string\"}}],\"inLanguage\":\"pt-BR\"}]}<\/script>\n<!-- \/ Yoast SEO plugin. -->","yoast_head_json":{"title":"Accessibility Statement - HAMRA","robots":{"index":"index","follow":"follow","max-snippet":"max-snippet:-1","max-image-preview":"max-image-preview:large","max-video-preview":"max-video-preview:-1"},"canonical":"https:\/\/hamraenterprises.com\/pt\/accessibility-statement\/","og_locale":"pt_BR","og_type":"article","og_title":"Accessibility Statement - HAMRA","og_description":"Hamra Enterprises Website Accessibility Statement Hamra Enterprises, LLC is committed to facilitating the\u00a0accessibility\u00a0and usability of its website,\u00a0hamraenterprises.com, for everyone. Hamra Enterprises, LLC aims to comply with [\u2026]","og_url":"https:\/\/hamraenterprises.com\/pt\/accessibility-statement\/","og_site_name":"HAMRA","article_modified_time":"2024-01-28T11:27:07+00:00","twitter_card":"summary_large_image","twitter_misc":{"Est. reading time":"1 minuto"},"schema":{"@context":"https:\/\/schema.org","@graph":[{"@type":"WebPage","@id":"https:\/\/hamraenterprises.com\/accessibility-statement\/","url":"https:\/\/hamraenterprises.com\/accessibility-statement\/","name":"Accessibility Statement - HAMRA","isPartOf":{"@id":"https:\/\/hamraenterprises.com\/#website"},"datePublished":"2024-01-22T13:46:51+00:00","dateModified":"2024-01-28T11:27:07+00:00","breadcrumb":{"@id":"https:\/\/hamraenterprises.com\/accessibility-statement\/#breadcrumb"},"inLanguage":"pt-BR","potentialAction":[{"@type":"ReadAction","target":["https:\/\/hamraenterprises.com\/accessibility-statement\/"]}]},{"@type":"BreadcrumbList","@id":"https:\/\/hamraenterprises.com\/accessibility-statement\/#breadcrumb","itemListElement":[{"@type":"ListItem","position":1,"name":"Home","item":"https:\/\/hamraenterprises.com\/"},{"@type":"ListItem","position":2,"name":"Accessibility Statement"}]},{"@type":"WebSite","@id":"https:\/\/hamraenterprises.com\/#website","url":"https:\/\/hamraenterprises.com\/","name":"HAMRA","description":"Hamra Enterprises","potentialAction":[{"@type":"SearchAction","target":{"@type":"EntryPoint","urlTemplate":"https:\/\/hamraenterprises.com\/?s={search_term_string}"},"query-input":{"@type":"PropertyValueSpecification","valueRequired":true,"valueName":"search_term_string"}}],"inLanguage":"pt-BR"}]}},"jetpack_sharing_enabled":true,"_links":{"self":[{"href":"https:\/\/hamraenterprises.com\/pt\/wp-json\/wp\/v2\/pages\/2975","targetHints":{"allow":["GET"]}}],"collection":[{"href":"https:\/\/hamraenterprises.com\/pt\/wp-json\/wp\/v2\/pages"}],"about":[{"href":"https:\/\/hamraenterprises.com\/pt\/wp-json\/wp\/v2\/types\/page"}],"author":[{"embeddable":true,"href":"https:\/\/hamraenterprises.com\/pt\/wp-json\/wp\/v2\/users\/1"}],"replies":[{"embeddable":true,"href":"https:\/\/hamraenterprises.com\/pt\/wp-json\/wp\/v2\/comments?post=2975"}],"version-history":[{"count":5,"href":"https:\/\/hamraenterprises.com\/pt\/wp-json\/wp\/v2\/pages\/2975\/revisions"}],"predecessor-version":[{"id":3225,"href":"https:\/\/hamraenterprises.com\/pt\/wp-json\/wp\/v2\/pages\/2975\/revisions\/3225"}],"wp:attachment":[{"href":"https:\/\/hamraenterprises.com\/pt\/wp-json\/wp\/v2\/media?parent=2975"}],"curies":[{"name":"wp","href":"https:\/\/api.w.org\/{rel}","templated":true}]}}