{"id":573,"date":"2023-10-20T10:25:54","date_gmt":"2023-10-20T10:25:54","guid":{"rendered":"http:\/\/hamraenterprises.com\/?page_id=573"},"modified":"2024-01-17T18:03:28","modified_gmt":"2024-01-17T18:03:28","slug":"ded","status":"publish","type":"page","link":"https:\/\/hamraenterprises.com\/es\/ded\/","title":{"rendered":"Donaci\u00f3n de pan al final del d\u00eda\u00ae"},"content":{"rendered":"<div data-elementor-type=\"wp-page\" data-elementor-id=\"573\" class=\"elementor elementor-573\" data-elementor-post-type=\"page\">\n\t\t\t\t\t\t<section class=\"elementor-section elementor-top-section elementor-element elementor-element-d31befa elementor-section-full_width elementor-section-height-default elementor-section-height-default\" data-id=\"d31befa\" data-element_type=\"section\" data-e-type=\"section\">\n\t\t\t\t\t\t<div class=\"elementor-container elementor-column-gap-no\">\n\t\t\t\t\t<div class=\"elementor-column elementor-col-50 elementor-top-column elementor-element elementor-element-4548555\" data-id=\"4548555\" data-element_type=\"column\" data-e-type=\"column\">\n\t\t\t<div class=\"elementor-widget-wrap elementor-element-populated\">\n\t\t\t\t\t\t<div class=\"elementor-element elementor-element-3e38507 elementor-widget elementor-widget-image\" data-id=\"3e38507\" data-element_type=\"widget\" data-e-type=\"widget\" data-widget_type=\"image.default\">\n\t\t\t\t<div class=\"elementor-widget-container\">\n\t\t\t\t\t\t\t\t\t\t\t\t\t\t\t<img fetchpriority=\"high\" decoding=\"async\" width=\"477\" height=\"249\" src=\"https:\/\/i0.wp.com\/hamraenterprises.com\/wp-content\/uploads\/2023\/12\/panera.png?fit=477%2C249&amp;ssl=1\" class=\"attachment-large size-large wp-image-1497\" alt=\"\" srcset=\"https:\/\/i0.wp.com\/hamraenterprises.com\/wp-content\/uploads\/2023\/12\/panera.png?w=477&amp;ssl=1 477w, https:\/\/i0.wp.com\/hamraenterprises.com\/wp-content\/uploads\/2023\/12\/panera.png?resize=300%2C157&amp;ssl=1 300w, https:\/\/i0.wp.com\/hamraenterprises.com\/wp-content\/uploads\/2023\/12\/panera.png?resize=144%2C75&amp;ssl=1 144w\" sizes=\"(max-width:767px) 477px, 477px\" \/>\t\t\t\t\t\t\t\t\t\t\t\t\t\t\t<\/div>\n\t\t\t\t<\/div>\n\t\t\t\t\t<\/div>\n\t\t<\/div>\n\t\t\t\t<div class=\"elementor-column elementor-col-50 elementor-top-column elementor-element elementor-element-551e825\" data-id=\"551e825\" data-element_type=\"column\" data-e-type=\"column\">\n\t\t\t<div class=\"elementor-widget-wrap elementor-element-populated\">\n\t\t\t\t\t\t<div class=\"elementor-element elementor-element-ecdbeb0 elementor-widget elementor-widget-image\" data-id=\"ecdbeb0\" data-element_type=\"widget\" data-e-type=\"widget\" data-widget_type=\"image.default\">\n\t\t\t\t<div class=\"elementor-widget-container\">\n\t\t\t\t\t\t\t\t\t\t\t\t\t\t\t<img decoding=\"async\" width=\"832\" height=\"637\" src=\"https:\/\/i0.wp.com\/hamraenterprises.com\/wp-content\/uploads\/2023\/12\/cccccc.png?fit=832%2C637&amp;ssl=1\" class=\"attachment-large size-large wp-image-1495\" alt=\"\" srcset=\"https:\/\/i0.wp.com\/hamraenterprises.com\/wp-content\/uploads\/2023\/12\/cccccc.png?w=832&amp;ssl=1 832w, https:\/\/i0.wp.com\/hamraenterprises.com\/wp-content\/uploads\/2023\/12\/cccccc.png?resize=500%2C383&amp;ssl=1 500w, https:\/\/i0.wp.com\/hamraenterprises.com\/wp-content\/uploads\/2023\/12\/cccccc.png?resize=300%2C230&amp;ssl=1 300w, https:\/\/i0.wp.com\/hamraenterprises.com\/wp-content\/uploads\/2023\/12\/cccccc.png?resize=768%2C588&amp;ssl=1 768w, https:\/\/i0.wp.com\/hamraenterprises.com\/wp-content\/uploads\/2023\/12\/cccccc.png?resize=98%2C75&amp;ssl=1 98w, https:\/\/i0.wp.com\/hamraenterprises.com\/wp-content\/uploads\/2023\/12\/cccccc.png?resize=480%2C368&amp;ssl=1 480w\" sizes=\"(max-width:767px) 480px, (max-width:832px) 100vw, 832px\" \/>\t\t\t\t\t\t\t\t\t\t\t\t\t\t\t<\/div>\n\t\t\t\t<\/div>\n\t\t\t\t\t<\/div>\n\t\t<\/div>\n\t\t\t\t\t<\/div>\n\t\t<\/section>\n\t\t\t\t<section class=\"elementor-section elementor-top-section elementor-element elementor-element-335a988 elementor-section-full_width elementor-section-height-default elementor-section-height-default\" data-id=\"335a988\" data-element_type=\"section\" data-e-type=\"section\" data-settings=\"{&quot;background_background&quot;:&quot;classic&quot;}\">\n\t\t\t\t\t\t<div class=\"elementor-container elementor-column-gap-default\">\n\t\t\t\t\t<div class=\"elementor-column elementor-col-50 elementor-top-column elementor-element elementor-element-c100070\" data-id=\"c100070\" data-element_type=\"column\" data-e-type=\"column\">\n\t\t\t<div class=\"elementor-widget-wrap elementor-element-populated\">\n\t\t\t\t\t\t<div class=\"elementor-element elementor-element-057189e elementor-widget elementor-widget-image\" data-id=\"057189e\" data-element_type=\"widget\" data-e-type=\"widget\" data-widget_type=\"image.default\">\n\t\t\t\t<div class=\"elementor-widget-container\">\n\t\t\t\t\t\t\t\t\t\t\t\t\t\t\t<img decoding=\"async\" width=\"371\" height=\"373\" src=\"https:\/\/i0.wp.com\/hamraenterprises.com\/wp-content\/uploads\/2023\/12\/lftimg.png?fit=371%2C373&amp;ssl=1\" class=\"attachment-large size-large wp-image-1502\" alt=\"\" srcset=\"https:\/\/i0.wp.com\/hamraenterprises.com\/wp-content\/uploads\/2023\/12\/lftimg.png?w=371&amp;ssl=1 371w, https:\/\/i0.wp.com\/hamraenterprises.com\/wp-content\/uploads\/2023\/12\/lftimg.png?resize=298%2C300&amp;ssl=1 298w, https:\/\/i0.wp.com\/hamraenterprises.com\/wp-content\/uploads\/2023\/12\/lftimg.png?resize=150%2C150&amp;ssl=1 150w, https:\/\/i0.wp.com\/hamraenterprises.com\/wp-content\/uploads\/2023\/12\/lftimg.png?resize=75%2C75&amp;ssl=1 75w\" sizes=\"(max-width:767px) 371px, 371px\" \/>\t\t\t\t\t\t\t\t\t\t\t\t\t\t\t<\/div>\n\t\t\t\t<\/div>\n\t\t\t\t\t<\/div>\n\t\t<\/div>\n\t\t\t\t<div class=\"elementor-column elementor-col-50 elementor-top-column elementor-element elementor-element-298435d\" data-id=\"298435d\" data-element_type=\"column\" data-e-type=\"column\">\n\t\t\t<div class=\"elementor-widget-wrap elementor-element-populated\">\n\t\t\t\t\t\t<div class=\"elementor-element elementor-element-0d12fad elementor-widget elementor-widget-text-editor\" data-id=\"0d12fad\" data-element_type=\"widget\" data-e-type=\"widget\" data-widget_type=\"text-editor.default\">\n\t\t\t\t<div class=\"elementor-widget-container\">\n\t\t\t\t\t\t\t\t\tEl pan sabe mejor cuando se comparte. Creemos que ning\u00fan pan debe desperdiciarse cuando sabemos que hay vecinos que lo necesitan. Por eso, al final del d\u00eda, donamos nuestros productos de panader\u00eda sin vender a organizaciones sin fines de lucro locales a trav\u00e9s de nuestro programa Day-End Dough-Nation\u00ae. Colaboramos con bancos de alimentos, servicios para veteranos y refugios para j\u00f3venes, con el fin de proporcionar pan y productos de panader\u00eda a quienes lo necesitan y reducir el desperdicio de alimentos.\t\t\t\t\t\t\t\t<\/div>\n\t\t\t\t<\/div>\n\t\t\t\t<div class=\"elementor-element elementor-element-2297574 elementor-widget elementor-widget-button\" data-id=\"2297574\" data-element_type=\"widget\" data-e-type=\"widget\" data-widget_type=\"button.default\">\n\t\t\t\t<div class=\"elementor-widget-container\">\n\t\t\t\t\t\t\t\t\t<div class=\"elementor-button-wrapper\">\n\t\t\t\t\t<a class=\"elementor-button elementor-button-link elementor-size-sm\" href=\"https:\/\/www.panerabread.com\/en-us\/food-values\/community\/day-end-dough-nation.html\">\n\t\t\t\t\t\t<span class=\"elementor-button-content-wrapper\">\n\t\t\t\t\t\t\t\t\t<span class=\"elementor-button-text\">M\u00e1s informaci\u00f3n<\/span>\n\t\t\t\t\t<\/span>\n\t\t\t\t\t<\/a>\n\t\t\t\t<\/div>\n\t\t\t\t\t\t\t\t<\/div>\n\t\t\t\t<\/div>\n\t\t\t\t\t<\/div>\n\t\t<\/div>\n\t\t\t\t\t<\/div>\n\t\t<\/section>\n\t\t\t\t<section class=\"elementor-section elementor-top-section elementor-element elementor-element-021231f elementor-section-full_width elementor-section-height-default elementor-section-height-default\" data-id=\"021231f\" data-element_type=\"section\" data-e-type=\"section\" data-settings=\"{&quot;background_background&quot;:&quot;classic&quot;}\">\n\t\t\t\t\t\t<div class=\"elementor-container elementor-column-gap-default\">\n\t\t\t\t\t<div class=\"elementor-column elementor-col-50 elementor-top-column elementor-element elementor-element-6c9da48\" data-id=\"6c9da48\" data-element_type=\"column\" data-e-type=\"column\">\n\t\t\t<div class=\"elementor-widget-wrap elementor-element-populated\">\n\t\t\t\t\t\t<div class=\"elementor-element elementor-element-5323a4c elementor-widget elementor-widget-text-editor\" data-id=\"5323a4c\" data-element_type=\"widget\" data-e-type=\"widget\" data-widget_type=\"text-editor.default\">\n\t\t\t\t<div class=\"elementor-widget-container\">\n\t\t\t\t\t\t\t\t\t<p>Es pr\u00e1ctica habitual de nuestra empresa donar los productos de panader\u00eda sobrantes (panes, bagels y pasteles) al final de cada d\u00eda a organizaciones locales sin fines de lucro 501(c), organizaciones religiosas o escuelas p\u00fablicas que se comprometen a recogerlos semanalmente durante un m\u00ednimo de un a\u00f1o. Este programa se cre\u00f3 espec\u00edficamente con el fin de atender a las personas necesitadas de nuestras comunidades locales, como los bancos de alimentos y los comedores sociales. Describa a continuaci\u00f3n su necesidad de recoger semanalmente los productos sobrantes al final del d\u00eda y c\u00f3mo la donaci\u00f3n ayudar\u00e1 a otras personas.<\/p><p>Si desea ser considerado para convertirse en uno de nuestros socios \u201cDay-End\u201d, haga clic en SOLICITAR a continuaci\u00f3n para enviar una solicitud.<\/p>\t\t\t\t\t\t\t\t<\/div>\n\t\t\t\t<\/div>\n\t\t\t\t\t<\/div>\n\t\t<\/div>\n\t\t\t\t<div class=\"elementor-column elementor-col-50 elementor-top-column elementor-element elementor-element-34f2971\" data-id=\"34f2971\" data-element_type=\"column\" data-e-type=\"column\">\n\t\t\t<div class=\"elementor-widget-wrap elementor-element-populated\">\n\t\t\t\t\t\t<div class=\"elementor-element elementor-element-171fb1f elementor-widget elementor-widget-video\" data-id=\"171fb1f\" data-element_type=\"widget\" data-e-type=\"widget\" data-settings=\"{&quot;youtube_url&quot;:&quot;https:\\\/\\\/youtu.be\\\/is8mUM5J_l4&quot;,&quot;video_type&quot;:&quot;youtube&quot;,&quot;controls&quot;:&quot;yes&quot;}\" data-widget_type=\"video.default\">\n\t\t\t\t<div class=\"elementor-widget-container\">\n\t\t\t\t\t\t\t<div class=\"elementor-wrapper elementor-open-inline\">\n\t\t\t<div class=\"elementor-video\"><\/div>\t\t<\/div>\n\t\t\t\t\t\t<\/div>\n\t\t\t\t<\/div>\n\t\t\t\t\t<\/div>\n\t\t<\/div>\n\t\t\t\t\t<\/div>\n\t\t<\/section>\n\t\t\t\t<section class=\"elementor-section elementor-top-section elementor-element elementor-element-dfbc736 elementor-section-boxed elementor-section-height-default elementor-section-height-default\" data-id=\"dfbc736\" data-element_type=\"section\" data-e-type=\"section\">\n\t\t\t\t\t\t<div class=\"elementor-container elementor-column-gap-default\">\n\t\t\t\t\t<div class=\"elementor-column elementor-col-100 elementor-top-column elementor-element elementor-element-0d033f4\" data-id=\"0d033f4\" data-element_type=\"column\" data-e-type=\"column\">\n\t\t\t<div class=\"elementor-widget-wrap elementor-element-populated\">\n\t\t\t\t\t\t<div class=\"elementor-element elementor-element-2d98e86 elementor-widget elementor-widget-shortcode\" data-id=\"2d98e86\" data-element_type=\"widget\" data-e-type=\"widget\" data-widget_type=\"shortcode.default\">\n\t\t\t\t<div class=\"elementor-widget-container\">\n\t\t\t\t\t<script src=https:\/\/www.cognitoforms.com\/f\/seamless.js data-key=\"zP27Mh99N0iX75zQRruDfQ\" data-form=\"32\"><\/script>\n\t\t<div class=\"elementor-shortcode\"><\/div>\n\t\t\t\t\t\t<\/div>\n\t\t\t\t<\/div>\n\t\t\t\t\t<\/div>\n\t\t<\/div>\n\t\t\t\t\t<\/div>\n\t\t<\/section>\n\t\t\t\t<\/div>","protected":false},"excerpt":{"rendered":"<p>Bread is better when shared. We believe no loaf should go uneaten when we know there are neighbors in need. That\u2019s why we donate our unsold<span class=\"excerpt-hellip\"> [\u2026]<\/span><\/p>\n","protected":false},"author":1,"featured_media":0,"parent":0,"menu_order":0,"comment_status":"closed","ping_status":"closed","template":"elementor_header_footer","meta":{"footnotes":""},"class_list":["post-573","page","type-page","status-publish","hentry"],"acf":[],"yoast_head":"<!-- This site is optimized with the Yoast SEO plugin v27.4 - https:\/\/yoast.com\/product\/yoast-seo-wordpress\/ -->\n<title>Day-End Dough-Nation\u00ae - HAMRA<\/title>\n<meta name=\"robots\" content=\"index, follow, max-snippet:-1, max-image-preview:large, max-video-preview:-1\" \/>\n<link rel=\"canonical\" href=\"https:\/\/hamraenterprises.com\/es\/ded\/\" \/>\n<meta property=\"og:locale\" content=\"es_MX\" \/>\n<meta property=\"og:type\" content=\"article\" \/>\n<meta property=\"og:title\" content=\"Day-End Dough-Nation\u00ae - HAMRA\" \/>\n<meta property=\"og:description\" content=\"Bread is better when shared. We believe no loaf should go uneaten when we know there are neighbors in need. That\u2019s why we donate our unsold [\u2026]\" \/>\n<meta property=\"og:url\" content=\"https:\/\/hamraenterprises.com\/es\/ded\/\" \/>\n<meta property=\"og:site_name\" content=\"HAMRA\" \/>\n<meta property=\"article:modified_time\" content=\"2024-01-17T18:03:28+00:00\" \/>\n<meta property=\"og:image\" content=\"http:\/\/hamraenterprises.com\/wp-content\/uploads\/2023\/12\/panera.png\" \/>\n<meta name=\"twitter:card\" content=\"summary_large_image\" \/>\n<meta name=\"twitter:label1\" content=\"Tiempo de lectura\" \/>\n\t<meta name=\"twitter:data1\" content=\"2 minutos\" \/>\n<script type=\"application\/ld+json\" class=\"yoast-schema-graph\">{\"@context\":\"https:\\\/\\\/schema.org\",\"@graph\":[{\"@type\":\"WebPage\",\"@id\":\"https:\\\/\\\/hamraenterprises.com\\\/ded\\\/\",\"url\":\"https:\\\/\\\/hamraenterprises.com\\\/ded\\\/\",\"name\":\"Day-End Dough-Nation\u00ae - HAMRA\",\"isPartOf\":{\"@id\":\"https:\\\/\\\/hamraenterprises.com\\\/#website\"},\"primaryImageOfPage\":{\"@id\":\"https:\\\/\\\/hamraenterprises.com\\\/ded\\\/#primaryimage\"},\"image\":{\"@id\":\"https:\\\/\\\/hamraenterprises.com\\\/ded\\\/#primaryimage\"},\"thumbnailUrl\":\"http:\\\/\\\/hamraenterprises.com\\\/wp-content\\\/uploads\\\/2023\\\/12\\\/panera.png\",\"datePublished\":\"2023-10-20T10:25:54+00:00\",\"dateModified\":\"2024-01-17T18:03:28+00:00\",\"breadcrumb\":{\"@id\":\"https:\\\/\\\/hamraenterprises.com\\\/ded\\\/#breadcrumb\"},\"inLanguage\":\"es\",\"potentialAction\":[{\"@type\":\"ReadAction\",\"target\":[\"https:\\\/\\\/hamraenterprises.com\\\/ded\\\/\"]}]},{\"@type\":\"ImageObject\",\"inLanguage\":\"es\",\"@id\":\"https:\\\/\\\/hamraenterprises.com\\\/ded\\\/#primaryimage\",\"url\":\"http:\\\/\\\/hamraenterprises.com\\\/wp-content\\\/uploads\\\/2023\\\/12\\\/panera.png\",\"contentUrl\":\"http:\\\/\\\/hamraenterprises.com\\\/wp-content\\\/uploads\\\/2023\\\/12\\\/panera.png\"},{\"@type\":\"BreadcrumbList\",\"@id\":\"https:\\\/\\\/hamraenterprises.com\\\/ded\\\/#breadcrumb\",\"itemListElement\":[{\"@type\":\"ListItem\",\"position\":1,\"name\":\"Home\",\"item\":\"https:\\\/\\\/hamraenterprises.com\\\/\"},{\"@type\":\"ListItem\",\"position\":2,\"name\":\"Day-End Dough-Nation\u00ae\"}]},{\"@type\":\"WebSite\",\"@id\":\"https:\\\/\\\/hamraenterprises.com\\\/#website\",\"url\":\"https:\\\/\\\/hamraenterprises.com\\\/\",\"name\":\"HAMRA\",\"description\":\"Hamra Enterprises\",\"potentialAction\":[{\"@type\":\"SearchAction\",\"target\":{\"@type\":\"EntryPoint\",\"urlTemplate\":\"https:\\\/\\\/hamraenterprises.com\\\/?s={search_term_string}\"},\"query-input\":{\"@type\":\"PropertyValueSpecification\",\"valueRequired\":true,\"valueName\":\"search_term_string\"}}],\"inLanguage\":\"es\"}]}<\/script>\n<!-- \/ Yoast SEO plugin. -->","yoast_head_json":{"title":"Day-End Dough-Nation\u00ae - HAMRA","robots":{"index":"index","follow":"follow","max-snippet":"max-snippet:-1","max-image-preview":"max-image-preview:large","max-video-preview":"max-video-preview:-1"},"canonical":"https:\/\/hamraenterprises.com\/es\/ded\/","og_locale":"es_MX","og_type":"article","og_title":"Day-End Dough-Nation\u00ae - HAMRA","og_description":"Bread is better when shared. We believe no loaf should go uneaten when we know there are neighbors in need. That\u2019s why we donate our unsold [\u2026]","og_url":"https:\/\/hamraenterprises.com\/es\/ded\/","og_site_name":"HAMRA","article_modified_time":"2024-01-17T18:03:28+00:00","og_image":[{"url":"http:\/\/hamraenterprises.com\/wp-content\/uploads\/2023\/12\/panera.png","type":"","width":"","height":""}],"twitter_card":"summary_large_image","twitter_misc":{"Tiempo de lectura":"2 minutos"},"schema":{"@context":"https:\/\/schema.org","@graph":[{"@type":"WebPage","@id":"https:\/\/hamraenterprises.com\/ded\/","url":"https:\/\/hamraenterprises.com\/ded\/","name":"Day-End Dough-Nation\u00ae - HAMRA","isPartOf":{"@id":"https:\/\/hamraenterprises.com\/#website"},"primaryImageOfPage":{"@id":"https:\/\/hamraenterprises.com\/ded\/#primaryimage"},"image":{"@id":"https:\/\/hamraenterprises.com\/ded\/#primaryimage"},"thumbnailUrl":"http:\/\/hamraenterprises.com\/wp-content\/uploads\/2023\/12\/panera.png","datePublished":"2023-10-20T10:25:54+00:00","dateModified":"2024-01-17T18:03:28+00:00","breadcrumb":{"@id":"https:\/\/hamraenterprises.com\/ded\/#breadcrumb"},"inLanguage":"es","potentialAction":[{"@type":"ReadAction","target":["https:\/\/hamraenterprises.com\/ded\/"]}]},{"@type":"ImageObject","inLanguage":"es","@id":"https:\/\/hamraenterprises.com\/ded\/#primaryimage","url":"http:\/\/hamraenterprises.com\/wp-content\/uploads\/2023\/12\/panera.png","contentUrl":"http:\/\/hamraenterprises.com\/wp-content\/uploads\/2023\/12\/panera.png"},{"@type":"BreadcrumbList","@id":"https:\/\/hamraenterprises.com\/ded\/#breadcrumb","itemListElement":[{"@type":"ListItem","position":1,"name":"Home","item":"https:\/\/hamraenterprises.com\/"},{"@type":"ListItem","position":2,"name":"Day-End Dough-Nation\u00ae"}]},{"@type":"WebSite","@id":"https:\/\/hamraenterprises.com\/#website","url":"https:\/\/hamraenterprises.com\/","name":"HAMRA","description":"Empresas Hamra","potentialAction":[{"@type":"SearchAction","target":{"@type":"EntryPoint","urlTemplate":"https:\/\/hamraenterprises.com\/?s={search_term_string}"},"query-input":{"@type":"PropertyValueSpecification","valueRequired":true,"valueName":"search_term_string"}}],"inLanguage":"es"}]}},"jetpack_sharing_enabled":true,"_links":{"self":[{"href":"https:\/\/hamraenterprises.com\/es\/wp-json\/wp\/v2\/pages\/573","targetHints":{"allow":["GET"]}}],"collection":[{"href":"https:\/\/hamraenterprises.com\/es\/wp-json\/wp\/v2\/pages"}],"about":[{"href":"https:\/\/hamraenterprises.com\/es\/wp-json\/wp\/v2\/types\/page"}],"author":[{"embeddable":true,"href":"https:\/\/hamraenterprises.com\/es\/wp-json\/wp\/v2\/users\/1"}],"replies":[{"embeddable":true,"href":"https:\/\/hamraenterprises.com\/es\/wp-json\/wp\/v2\/comments?post=573"}],"version-history":[{"count":5,"href":"https:\/\/hamraenterprises.com\/es\/wp-json\/wp\/v2\/pages\/573\/revisions"}],"predecessor-version":[{"id":2849,"href":"https:\/\/hamraenterprises.com\/es\/wp-json\/wp\/v2\/pages\/573\/revisions\/2849"}],"wp:attachment":[{"href":"https:\/\/hamraenterprises.com\/es\/wp-json\/wp\/v2\/media?parent=573"}],"curies":[{"name":"wp","href":"https:\/\/api.w.org\/{rel}","templated":true}]}}