{"id":2975,"date":"2024-01-22T13:46:51","date_gmt":"2024-01-22T13:46:51","guid":{"rendered":"http:\/\/hamraenterprises.com\/?page_id=2975"},"modified":"2024-01-28T11:27:07","modified_gmt":"2024-01-28T11:27:07","slug":"accessibility-statement","status":"publish","type":"page","link":"https:\/\/hamraenterprises.com\/es\/accessibility-statement\/","title":{"rendered":"Declaraci\u00f3n de accesibilidad"},"content":{"rendered":"<div data-elementor-type=\"wp-page\" data-elementor-id=\"2975\" class=\"elementor elementor-2975\" data-elementor-post-type=\"page\">\n\t\t\t\t\t\t<section class=\"elementor-section elementor-top-section elementor-element elementor-element-76834aa elementor-section-stretched elementor-section-boxed elementor-section-height-default elementor-section-height-default\" data-id=\"76834aa\" data-element_type=\"section\" data-e-type=\"section\" data-settings=\"{&quot;stretch_section&quot;:&quot;section-stretched&quot;}\">\n\t\t\t\t\t\t<div class=\"elementor-container elementor-column-gap-wider\">\n\t\t\t\t\t<div class=\"elementor-column elementor-col-100 elementor-top-column elementor-element elementor-element-a7bd1d9\" data-id=\"a7bd1d9\" data-element_type=\"column\" data-e-type=\"column\">\n\t\t\t<div class=\"elementor-widget-wrap elementor-element-populated\">\n\t\t\t\t\t\t<div class=\"elementor-element elementor-element-995c69f elementor-widget elementor-widget-heading\" data-id=\"995c69f\" data-element_type=\"widget\" data-e-type=\"widget\" data-widget_type=\"heading.default\">\n\t\t\t\t<div class=\"elementor-widget-container\">\n\t\t\t\t\t<h2 class=\"elementor-heading-title elementor-size-default\">Declaraci\u00f3n de accesibilidad del sitio web de Hamra Enterprises<\/h2>\t\t\t\t<\/div>\n\t\t\t\t<\/div>\n\t\t\t\t<div class=\"elementor-element elementor-element-02d3394 elementor-widget elementor-widget-text-editor\" data-id=\"02d3394\" data-element_type=\"widget\" data-e-type=\"widget\" data-widget_type=\"text-editor.default\">\n\t\t\t\t<div class=\"elementor-widget-container\">\n\t\t\t\t\t\t\t\t\t<p>Hamra Enterprises, LLC se compromete a facilitar la accesibilidad y usabilidad de su sitio web, hamraenterprises.com, para todos. Hamra Enterprises, LLC tiene como objetivo cumplir con todas las normas aplicables, incluidas las Pautas de Accesibilidad al Contenido Web 2.0 del Consorcio World Wide Web hasta el Nivel AA (WCAG 2.0 AA) en la medida en que lo exige la Ley de Estadounidenses con Discapacidades. Hamra Enterprises, LLC se enorgullece de los esfuerzos que hemos realizado y que estamos realizando para garantizar que nuestro sitio web sea accesible para todos.\u00a0<\/p><p>Si tiene alguna dificultad para acceder a cualquier parte de este sitio web, no dude en enviarnos un correo electr\u00f3nico a\u00a0<a title=\"mailto:accessibility@teamhamra.com\" href=\"mailto:accessibility@teamhamra.com\" data-linkindex=\"0\">accessibility@teamhamra.com<\/a>\u00a0o env\u00edenos una solicitud a Solicitud de accesibilidad al sitio web de Hamra a Hamra Enterprises, LLC, 1855 S<b>.<\/b>\u00a0Ingram Mill Rd<b>.<\/b>, Springfield, Misuri 65804. Haremos todos los esfuerzos razonables para proporcionarle la informaci\u00f3n, el art\u00edculo o la transacci\u00f3n que solicite a trav\u00e9s de un m\u00e9todo de comunicaci\u00f3n alternativo que sea accesible para usted y que cumpla con la legislaci\u00f3n aplicable (por ejemplo, a trav\u00e9s de asistencia telef\u00f3nica o por correo).<\/p><p>Nuestro sitio web puede contener enlaces a sitios web alojados por terceros. Hamra Enterprises, LLC no se responsabiliza de la accesibilidad de los sitios web de terceros y no puede realizar adaptaciones en dichos sitios web.<\/p>\t\t\t\t\t\t\t\t<\/div>\n\t\t\t\t<\/div>\n\t\t\t\t\t<\/div>\n\t\t<\/div>\n\t\t\t\t\t<\/div>\n\t\t<\/section>\n\t\t\t\t<\/div>","protected":false},"excerpt":{"rendered":"<p>Hamra Enterprises Website Accessibility Statement Hamra Enterprises, LLC is committed to facilitating the\u00a0accessibility\u00a0and usability of its website,\u00a0hamraenterprises.com, for everyone. Hamra Enterprises, LLC aims to comply with<span class=\"excerpt-hellip\"> [\u2026]<\/span><\/p>\n","protected":false},"author":1,"featured_media":0,"parent":0,"menu_order":0,"comment_status":"open","ping_status":"closed","template":"","meta":{"footnotes":""},"class_list":["post-2975","page","type-page","status-publish","hentry"],"acf":[],"yoast_head":"<!-- This site is optimized with the Yoast SEO plugin v27.4 - https:\/\/yoast.com\/product\/yoast-seo-wordpress\/ -->\n<title>Accessibility Statement - HAMRA<\/title>\n<meta name=\"robots\" content=\"index, follow, max-snippet:-1, max-image-preview:large, max-video-preview:-1\" \/>\n<link rel=\"canonical\" href=\"https:\/\/hamraenterprises.com\/es\/accessibility-statement\/\" \/>\n<meta property=\"og:locale\" content=\"es_MX\" \/>\n<meta property=\"og:type\" content=\"article\" \/>\n<meta property=\"og:title\" content=\"Accessibility Statement - HAMRA\" \/>\n<meta property=\"og:description\" content=\"Hamra Enterprises Website Accessibility Statement Hamra Enterprises, LLC is committed to facilitating the\u00a0accessibility\u00a0and usability of its website,\u00a0hamraenterprises.com, for everyone. Hamra Enterprises, LLC aims to comply with [\u2026]\" \/>\n<meta property=\"og:url\" content=\"https:\/\/hamraenterprises.com\/es\/accessibility-statement\/\" \/>\n<meta property=\"og:site_name\" content=\"HAMRA\" \/>\n<meta property=\"article:modified_time\" content=\"2024-01-28T11:27:07+00:00\" \/>\n<meta name=\"twitter:card\" content=\"summary_large_image\" \/>\n<meta name=\"twitter:label1\" content=\"Tiempo de lectura\" \/>\n\t<meta name=\"twitter:data1\" content=\"1 minuto\" \/>\n<script type=\"application\/ld+json\" class=\"yoast-schema-graph\">{\"@context\":\"https:\\\/\\\/schema.org\",\"@graph\":[{\"@type\":\"WebPage\",\"@id\":\"https:\\\/\\\/hamraenterprises.com\\\/accessibility-statement\\\/\",\"url\":\"https:\\\/\\\/hamraenterprises.com\\\/accessibility-statement\\\/\",\"name\":\"Accessibility Statement - HAMRA\",\"isPartOf\":{\"@id\":\"https:\\\/\\\/hamraenterprises.com\\\/#website\"},\"datePublished\":\"2024-01-22T13:46:51+00:00\",\"dateModified\":\"2024-01-28T11:27:07+00:00\",\"breadcrumb\":{\"@id\":\"https:\\\/\\\/hamraenterprises.com\\\/accessibility-statement\\\/#breadcrumb\"},\"inLanguage\":\"es\",\"potentialAction\":[{\"@type\":\"ReadAction\",\"target\":[\"https:\\\/\\\/hamraenterprises.com\\\/accessibility-statement\\\/\"]}]},{\"@type\":\"BreadcrumbList\",\"@id\":\"https:\\\/\\\/hamraenterprises.com\\\/accessibility-statement\\\/#breadcrumb\",\"itemListElement\":[{\"@type\":\"ListItem\",\"position\":1,\"name\":\"Home\",\"item\":\"https:\\\/\\\/hamraenterprises.com\\\/\"},{\"@type\":\"ListItem\",\"position\":2,\"name\":\"Accessibility Statement\"}]},{\"@type\":\"WebSite\",\"@id\":\"https:\\\/\\\/hamraenterprises.com\\\/#website\",\"url\":\"https:\\\/\\\/hamraenterprises.com\\\/\",\"name\":\"HAMRA\",\"description\":\"Hamra Enterprises\",\"potentialAction\":[{\"@type\":\"SearchAction\",\"target\":{\"@type\":\"EntryPoint\",\"urlTemplate\":\"https:\\\/\\\/hamraenterprises.com\\\/?s={search_term_string}\"},\"query-input\":{\"@type\":\"PropertyValueSpecification\",\"valueRequired\":true,\"valueName\":\"search_term_string\"}}],\"inLanguage\":\"es\"}]}<\/script>\n<!-- \/ Yoast SEO plugin. -->","yoast_head_json":{"title":"Accessibility Statement - HAMRA","robots":{"index":"index","follow":"follow","max-snippet":"max-snippet:-1","max-image-preview":"max-image-preview:large","max-video-preview":"max-video-preview:-1"},"canonical":"https:\/\/hamraenterprises.com\/es\/accessibility-statement\/","og_locale":"es_MX","og_type":"article","og_title":"Accessibility Statement - HAMRA","og_description":"Hamra Enterprises Website Accessibility Statement Hamra Enterprises, LLC is committed to facilitating the\u00a0accessibility\u00a0and usability of its website,\u00a0hamraenterprises.com, for everyone. Hamra Enterprises, LLC aims to comply with [\u2026]","og_url":"https:\/\/hamraenterprises.com\/es\/accessibility-statement\/","og_site_name":"HAMRA","article_modified_time":"2024-01-28T11:27:07+00:00","twitter_card":"summary_large_image","twitter_misc":{"Tiempo de lectura":"1 minuto"},"schema":{"@context":"https:\/\/schema.org","@graph":[{"@type":"WebPage","@id":"https:\/\/hamraenterprises.com\/accessibility-statement\/","url":"https:\/\/hamraenterprises.com\/accessibility-statement\/","name":"Accessibility Statement - HAMRA","isPartOf":{"@id":"https:\/\/hamraenterprises.com\/#website"},"datePublished":"2024-01-22T13:46:51+00:00","dateModified":"2024-01-28T11:27:07+00:00","breadcrumb":{"@id":"https:\/\/hamraenterprises.com\/accessibility-statement\/#breadcrumb"},"inLanguage":"es","potentialAction":[{"@type":"ReadAction","target":["https:\/\/hamraenterprises.com\/accessibility-statement\/"]}]},{"@type":"BreadcrumbList","@id":"https:\/\/hamraenterprises.com\/accessibility-statement\/#breadcrumb","itemListElement":[{"@type":"ListItem","position":1,"name":"Home","item":"https:\/\/hamraenterprises.com\/"},{"@type":"ListItem","position":2,"name":"Accessibility Statement"}]},{"@type":"WebSite","@id":"https:\/\/hamraenterprises.com\/#website","url":"https:\/\/hamraenterprises.com\/","name":"HAMRA","description":"Empresas Hamra","potentialAction":[{"@type":"SearchAction","target":{"@type":"EntryPoint","urlTemplate":"https:\/\/hamraenterprises.com\/?s={search_term_string}"},"query-input":{"@type":"PropertyValueSpecification","valueRequired":true,"valueName":"search_term_string"}}],"inLanguage":"es"}]}},"jetpack_sharing_enabled":true,"_links":{"self":[{"href":"https:\/\/hamraenterprises.com\/es\/wp-json\/wp\/v2\/pages\/2975","targetHints":{"allow":["GET"]}}],"collection":[{"href":"https:\/\/hamraenterprises.com\/es\/wp-json\/wp\/v2\/pages"}],"about":[{"href":"https:\/\/hamraenterprises.com\/es\/wp-json\/wp\/v2\/types\/page"}],"author":[{"embeddable":true,"href":"https:\/\/hamraenterprises.com\/es\/wp-json\/wp\/v2\/users\/1"}],"replies":[{"embeddable":true,"href":"https:\/\/hamraenterprises.com\/es\/wp-json\/wp\/v2\/comments?post=2975"}],"version-history":[{"count":5,"href":"https:\/\/hamraenterprises.com\/es\/wp-json\/wp\/v2\/pages\/2975\/revisions"}],"predecessor-version":[{"id":3225,"href":"https:\/\/hamraenterprises.com\/es\/wp-json\/wp\/v2\/pages\/2975\/revisions\/3225"}],"wp:attachment":[{"href":"https:\/\/hamraenterprises.com\/es\/wp-json\/wp\/v2\/media?parent=2975"}],"curies":[{"name":"wp","href":"https:\/\/api.w.org\/{rel}","templated":true}]}}